{"id":3906,"date":"2025-11-03T15:21:21","date_gmt":"2025-11-03T12:21:21","guid":{"rendered":"https:\/\/goldberg.lv\/shop\/ty-402-parseja-celim-neo-l\/"},"modified":"2026-04-15T17:53:02","modified_gmt":"2026-04-15T14:53:02","slug":"ty-402-parseja-celim-neo-l","status":"publish","type":"product","link":"https:\/\/goldberg.lv\/lv\/shop\/ty-402-parseja-celim-neo-l\/","title":{"rendered":"TY 402 P\u0101rs\u0113ja celim NEO L"},"content":{"rendered":"<p>Kompresijas uzmava, kas tur un saspie\u017e ce\u013cgala musku\u013cus, lai uzlabotu sp\u0113l\u0113t\u0101ju sniegumu, palielinot musku\u013cu bl\u012bvumu un asinsriti ap ce\u013cgalu sporta, vingro\u0161anas un treni\u0146u laik\u0101. T\u0101 ar\u012b nodro\u0161ina sp\u0113c\u012bgu atbalstu un aizsardz\u012bbu sait\u0113m un c\u012bpsl\u0101m, t\u0101d\u0113j\u0101di samazinot nodiluma iesp\u0113jas treni\u0146u laik\u0101. Anatomiskais ce\u013cgala gredzens notur ce\u013cgalu viet\u0101.<\/p>","protected":false},"excerpt":{"rendered":"<p>Compression sleeve to hold and compress knee muscles, to enhance the performance of players by increasing muscle density and blood<\/p>","protected":false},"featured_media":5997,"template":"","meta":[],"product_brand":[104],"product_cat":[60],"product_tag":[],"class_list":{"0":"post-3906","1":"product","2":"type-product","3":"status-publish","4":"has-post-thumbnail","6":"product_brand-tynor","7":"product_cat-tynor","9":"first","10":"instock","11":"shipping-taxable","12":"purchasable","13":"product-type-simple"},"_links":{"self":[{"href":"https:\/\/goldberg.lv\/lv\/wp-json\/wp\/v2\/product\/3906","targetHints":{"allow":["GET"]}}],"collection":[{"href":"https:\/\/goldberg.lv\/lv\/wp-json\/wp\/v2\/product"}],"about":[{"href":"https:\/\/goldberg.lv\/lv\/wp-json\/wp\/v2\/types\/product"}],"wp:featuredmedia":[{"embeddable":true,"href":"https:\/\/goldberg.lv\/lv\/wp-json\/wp\/v2\/media\/5997"}],"wp:attachment":[{"href":"https:\/\/goldberg.lv\/lv\/wp-json\/wp\/v2\/media?parent=3906"}],"wp:term":[{"taxonomy":"product_brand","embeddable":true,"href":"https:\/\/goldberg.lv\/lv\/wp-json\/wp\/v2\/product_brand?post=3906"},{"taxonomy":"product_cat","embeddable":true,"href":"https:\/\/goldberg.lv\/lv\/wp-json\/wp\/v2\/product_cat?post=3906"},{"taxonomy":"product_tag","embeddable":true,"href":"https:\/\/goldberg.lv\/lv\/wp-json\/wp\/v2\/product_tag?post=3906"}],"curies":[{"name":"wp","href":"https:\/\/api.w.org\/{rel}","templated":true}]}}