{"id":3902,"date":"2025-11-03T15:21:17","date_gmt":"2025-11-03T12:21:17","guid":{"rendered":"https:\/\/goldberg.lv\/shop\/ty-105-elastiga-parseja-guzam-air-pro-xl\/"},"modified":"2026-04-15T17:53:00","modified_gmt":"2026-04-15T14:53:00","slug":"ty-105-elastiga-parseja-guzam-air-pro-xl","status":"publish","type":"product","link":"https:\/\/goldberg.lv\/lv\/shop\/ty-105-elastiga-parseja-guzam-air-pro-xl\/","title":{"rendered":"TY 105 Elast\u012bga p\u0101rs\u0113ja g\u016b\u017eam AIR PRO XL"},"content":{"rendered":"<p>Izstr\u0101d\u0101ts, lai nodro\u0161in\u0101tu stil\u012bgu izskatu, optim\u0101lu kompresiju un atbalstu aug\u0161stilbu musku\u013ciem. Tas pal\u012bdz palielin\u0101t asins pl\u016bsmu, uzlabo musku\u013cu bl\u012bvumu un uzlabo sniegumu sportisk\u0101s aktivit\u0101tes laik\u0101. \u0160is izstr\u0101d\u0101jums ar\u012b pal\u012bdz samazin\u0101t musku\u013cu vibr\u0101ciju, l\u012bdz minimumam samazinot sastiepumu vai traumu risku.<\/p>","protected":false},"excerpt":{"rendered":"<p>Designed to offer stylish looks, optimal compression and support to the thigh muscles. It helps to increase blood flow, improves<\/p>","protected":false},"featured_media":4559,"template":"","meta":[],"product_brand":[104],"product_cat":[60],"product_tag":[],"class_list":{"0":"post-3902","1":"product","2":"type-product","3":"status-publish","4":"has-post-thumbnail","6":"product_brand-tynor","7":"product_cat-tynor","9":"first","10":"instock","11":"shipping-taxable","12":"purchasable","13":"product-type-simple"},"_links":{"self":[{"href":"https:\/\/goldberg.lv\/lv\/wp-json\/wp\/v2\/product\/3902","targetHints":{"allow":["GET"]}}],"collection":[{"href":"https:\/\/goldberg.lv\/lv\/wp-json\/wp\/v2\/product"}],"about":[{"href":"https:\/\/goldberg.lv\/lv\/wp-json\/wp\/v2\/types\/product"}],"wp:featuredmedia":[{"embeddable":true,"href":"https:\/\/goldberg.lv\/lv\/wp-json\/wp\/v2\/media\/4559"}],"wp:attachment":[{"href":"https:\/\/goldberg.lv\/lv\/wp-json\/wp\/v2\/media?parent=3902"}],"wp:term":[{"taxonomy":"product_brand","embeddable":true,"href":"https:\/\/goldberg.lv\/lv\/wp-json\/wp\/v2\/product_brand?post=3902"},{"taxonomy":"product_cat","embeddable":true,"href":"https:\/\/goldberg.lv\/lv\/wp-json\/wp\/v2\/product_cat?post=3902"},{"taxonomy":"product_tag","embeddable":true,"href":"https:\/\/goldberg.lv\/lv\/wp-json\/wp\/v2\/product_tag?post=3902"}],"curies":[{"name":"wp","href":"https:\/\/api.w.org\/{rel}","templated":true}]}}