{"id":3890,"date":"2025-11-03T15:21:00","date_gmt":"2025-11-03T12:21:00","guid":{"rendered":"https:\/\/goldberg.lv\/shop\/coxo-c-fill-mini-p-endodontic-obturation-system\/"},"modified":"2026-04-15T17:52:55","modified_gmt":"2026-04-15T14:52:55","slug":"coxo-c-fill-mini-p-endodontic-obturation-system","status":"publish","type":"product","link":"https:\/\/goldberg.lv\/lv\/shop\/coxo-c-fill-mini-p-endodontic-obturation-system\/","title":{"rendered":"COXO C Fill mini P endodontisk\u0101s obtur\u0101cijas sist\u0113ma"},"content":{"rendered":"","protected":false},"excerpt":{"rendered":"","protected":false},"featured_media":0,"template":"","meta":[],"product_brand":[89],"product_cat":[53],"product_tag":[],"class_list":{"0":"post-3890","1":"product","2":"type-product","3":"status-publish","5":"product_brand-coxo","6":"product_cat-coxo","8":"first","9":"instock","10":"shipping-taxable","11":"purchasable","12":"product-type-simple"},"_links":{"self":[{"href":"https:\/\/goldberg.lv\/lv\/wp-json\/wp\/v2\/product\/3890","targetHints":{"allow":["GET"]}}],"collection":[{"href":"https:\/\/goldberg.lv\/lv\/wp-json\/wp\/v2\/product"}],"about":[{"href":"https:\/\/goldberg.lv\/lv\/wp-json\/wp\/v2\/types\/product"}],"wp:attachment":[{"href":"https:\/\/goldberg.lv\/lv\/wp-json\/wp\/v2\/media?parent=3890"}],"wp:term":[{"taxonomy":"product_brand","embeddable":true,"href":"https:\/\/goldberg.lv\/lv\/wp-json\/wp\/v2\/product_brand?post=3890"},{"taxonomy":"product_cat","embeddable":true,"href":"https:\/\/goldberg.lv\/lv\/wp-json\/wp\/v2\/product_cat?post=3890"},{"taxonomy":"product_tag","embeddable":true,"href":"https:\/\/goldberg.lv\/lv\/wp-json\/wp\/v2\/product_tag?post=3890"}],"curies":[{"name":"wp","href":"https:\/\/api.w.org\/{rel}","templated":true}]}}