{"id":3877,"date":"2025-11-03T15:20:44","date_gmt":"2025-11-03T12:20:44","guid":{"rendered":"https:\/\/goldberg.lv\/shop\/soco-niti-sc-plus-file-rotary-6-pcs-opener-21mm\/"},"modified":"2026-04-15T16:25:51","modified_gmt":"2026-04-15T13:25:51","slug":"soco-niti-sc-plus-file-rotary-6-pcs-opener-21mm","status":"publish","type":"product","link":"https:\/\/goldberg.lv\/lv\/shop\/soco-niti-sc-plus-file-rotary-6-pcs-opener-21mm\/","title":{"rendered":"SOCO NiTi SC PLUS v\u012ble Rotary 6 gab Atv\u0113r\u0161anas meh\u0101nisms 21mm"},"content":{"rendered":"","protected":false},"excerpt":{"rendered":"","protected":false},"featured_media":0,"template":"","meta":[],"product_brand":[100],"product_cat":[52],"product_tag":[],"class_list":{"0":"post-3877","1":"product","2":"type-product","3":"status-publish","5":"product_brand-soco","6":"product_cat-soco","8":"first","9":"instock","10":"shipping-taxable","11":"purchasable","12":"product-type-simple"},"_links":{"self":[{"href":"https:\/\/goldberg.lv\/lv\/wp-json\/wp\/v2\/product\/3877","targetHints":{"allow":["GET"]}}],"collection":[{"href":"https:\/\/goldberg.lv\/lv\/wp-json\/wp\/v2\/product"}],"about":[{"href":"https:\/\/goldberg.lv\/lv\/wp-json\/wp\/v2\/types\/product"}],"wp:attachment":[{"href":"https:\/\/goldberg.lv\/lv\/wp-json\/wp\/v2\/media?parent=3877"}],"wp:term":[{"taxonomy":"product_brand","embeddable":true,"href":"https:\/\/goldberg.lv\/lv\/wp-json\/wp\/v2\/product_brand?post=3877"},{"taxonomy":"product_cat","embeddable":true,"href":"https:\/\/goldberg.lv\/lv\/wp-json\/wp\/v2\/product_cat?post=3877"},{"taxonomy":"product_tag","embeddable":true,"href":"https:\/\/goldberg.lv\/lv\/wp-json\/wp\/v2\/product_tag?post=3877"}],"curies":[{"name":"wp","href":"https:\/\/api.w.org\/{rel}","templated":true}]}}