{"id":3867,"date":"2025-11-03T15:20:34","date_gmt":"2025-11-03T12:20:34","guid":{"rendered":"https:\/\/goldberg.lv\/shop\/mt2-inf-impression-tray-pvc\/"},"modified":"2026-04-15T17:52:51","modified_gmt":"2026-04-15T14:52:51","slug":"mt2-inf-impression-tray-pvc","status":"publish","type":"product","link":"https:\/\/goldberg.lv\/lv\/shop\/mt2-inf-impression-tray-pvc\/","title":{"rendered":"MT2 INF IMPRESSION TRAY PVC"},"content":{"rendered":"<p>Vienreizlietojams nospiedumu paliktnis, izgatavots no netoksiska PVC. Var steriliz\u0113t aukst\u0101 temperat\u016br\u0101. Izmanto poliesteriem, silikoniem, elastom\u0113riem, algin\u0101tiem (izmantojot \u012bpa\u0161u l\u012bmi). Pielietojums \/ indik\u0101cijas: zob\u0101rstniec\u012bb\u0101, mutes dobum\u0101. Pieejami tr\u012bs da\u017e\u0101di izm\u0113ri, aug\u0161\u0113jais un apak\u0161\u0113jais. Iepakojum\u0101 6 gab., asorti vai pa izm\u0113riem.<\/p>","protected":false},"excerpt":{"rendered":"<p>Single use impression tray, made of non-toxic PVC. Cold sterilizable. Used for polyesters, silicones, elastomers, alginates (using a specific adhesive).<\/p>","protected":false},"featured_media":5263,"template":"","meta":[],"product_brand":[94],"product_cat":[51,116,119,114],"product_tag":[],"class_list":{"0":"post-3867","1":"product","2":"type-product","3":"status-publish","4":"has-post-thumbnail","6":"product_brand-larident","7":"product_cat-larident","8":"product_cat-disposable-materials","9":"product_cat-equipment","10":"product_cat-hygiene","12":"first","13":"instock","14":"shipping-taxable","15":"purchasable","16":"product-type-simple"},"_links":{"self":[{"href":"https:\/\/goldberg.lv\/lv\/wp-json\/wp\/v2\/product\/3867","targetHints":{"allow":["GET"]}}],"collection":[{"href":"https:\/\/goldberg.lv\/lv\/wp-json\/wp\/v2\/product"}],"about":[{"href":"https:\/\/goldberg.lv\/lv\/wp-json\/wp\/v2\/types\/product"}],"wp:featuredmedia":[{"embeddable":true,"href":"https:\/\/goldberg.lv\/lv\/wp-json\/wp\/v2\/media\/5263"}],"wp:attachment":[{"href":"https:\/\/goldberg.lv\/lv\/wp-json\/wp\/v2\/media?parent=3867"}],"wp:term":[{"taxonomy":"product_brand","embeddable":true,"href":"https:\/\/goldberg.lv\/lv\/wp-json\/wp\/v2\/product_brand?post=3867"},{"taxonomy":"product_cat","embeddable":true,"href":"https:\/\/goldberg.lv\/lv\/wp-json\/wp\/v2\/product_cat?post=3867"},{"taxonomy":"product_tag","embeddable":true,"href":"https:\/\/goldberg.lv\/lv\/wp-json\/wp\/v2\/product_tag?post=3867"}],"curies":[{"name":"wp","href":"https:\/\/api.w.org\/{rel}","templated":true}]}}