{"id":3864,"date":"2025-11-03T15:20:31","date_gmt":"2025-11-03T12:20:31","guid":{"rendered":"https:\/\/goldberg.lv\/shop\/ms1-12-stainless-steel-perforated-tray-set\/"},"modified":"2026-04-15T16:25:45","modified_gmt":"2026-04-15T13:25:45","slug":"ms1-12-stainless-steel-perforated-tray-set","status":"publish","type":"product","link":"https:\/\/goldberg.lv\/lv\/shop\/ms1-12-stainless-steel-perforated-tray-set\/","title":{"rendered":"MS1 12 STAINLESS STEEL PERFORATED TRAY SET"},"content":{"rendered":"<div class=\"elementor-element elementor-element-eef0db1 elementor-widget elementor-widget-woocommerce-product-content\" data-id=\"eef0db1\" data-element_type=\"widget\" data-e-type=\"widget\" data-widget_type=\"woocommerce-product-content.default\">\n<p>ner\u016bs\u0113jo\u0161\u0101 t\u0113rauda perfor\u0113tas nospiedumu papl\u0101tes.<\/p>\n<p>SUP. mm 66\u00d750 - 67\u00d751 - 68\u00d755 - 72\u00d756 - 73\u00d759 - 74\u00d764<\/p>\n<p>INF. mm 68\u00d752 - 70\u00d754 - 72\u00d756 - 78\u00d757 - 79\u00d759 - 80\u00d763<\/p>\n<\/div>\n<div class=\"elementor-element elementor-element-68eea50 elementor-widget-divider--view-line elementor-widget elementor-widget-divider\" data-id=\"68eea50\" data-element_type=\"widget\" data-e-type=\"widget\" data-widget_type=\"divider.default\">\n<div class=\"elementor-divider\"><\/div>\n<\/div>\n<div class=\"elementor-element elementor-element-58070db elementor-widget elementor-widget-heading\" data-id=\"58070db\" data-element_type=\"widget\" data-e-type=\"widget\" data-widget_type=\"heading.default\">\n<h4 class=\"elementor-heading-title elementor-size-default\">Funkcijas<\/h4>\n<\/div>\n<div class=\"elementor-element elementor-element-8fbf30a elementor-align-left elementor-widget elementor-widget-post-info\" data-id=\"8fbf30a\" data-element_type=\"widget\" data-e-type=\"widget\" data-widget_type=\"post-info.default\">\n<ul class=\"elementor-icon-list-items elementor-post-info\">\n<li class=\"elementor-icon-list-item elementor-repeater-item-4389162\"><i class=\"fas fa-cog\" aria-hidden=\"true\"><\/i><span class=\"elementor-icon-list-text elementor-post-info__item elementor-post-info__item--type-custom\">Ner\u016bs\u0113jo\u0161ais t\u0113rauds<\/span><\/li>\n<li class=\"elementor-icon-list-item elementor-repeater-item-8e34d80\"><i class=\"fas fa-box\" aria-hidden=\"true\"><\/i><span class=\"elementor-icon-list-text elementor-post-info__item elementor-post-info__item--type-custom\">2 (SUP + INF) gab.<\/span><\/li>\n<\/ul>\n<\/div>","protected":false},"excerpt":{"rendered":"<p>tainless steel perforated impression trays. SUP. mm 66\u00d750 \u2013 67\u00d751 \u2013 68\u00d755 \u2013 72\u00d756 \u2013 73\u00d759 \u2013 74\u00d764 INF. mm<\/p>","protected":false},"featured_media":5265,"template":"","meta":[],"product_brand":[94],"product_cat":[51,113,119,117,121],"product_tag":[],"class_list":{"0":"post-3864","1":"product","2":"type-product","3":"status-publish","4":"has-post-thumbnail","6":"product_brand-larident","7":"product_cat-larident","8":"product_cat-endodontics","9":"product_cat-equipment","10":"product_cat-instruments","11":"product_cat-orthopedics","13":"first","14":"instock","15":"shipping-taxable","16":"purchasable","17":"product-type-simple"},"_links":{"self":[{"href":"https:\/\/goldberg.lv\/lv\/wp-json\/wp\/v2\/product\/3864","targetHints":{"allow":["GET"]}}],"collection":[{"href":"https:\/\/goldberg.lv\/lv\/wp-json\/wp\/v2\/product"}],"about":[{"href":"https:\/\/goldberg.lv\/lv\/wp-json\/wp\/v2\/types\/product"}],"wp:featuredmedia":[{"embeddable":true,"href":"https:\/\/goldberg.lv\/lv\/wp-json\/wp\/v2\/media\/5265"}],"wp:attachment":[{"href":"https:\/\/goldberg.lv\/lv\/wp-json\/wp\/v2\/media?parent=3864"}],"wp:term":[{"taxonomy":"product_brand","embeddable":true,"href":"https:\/\/goldberg.lv\/lv\/wp-json\/wp\/v2\/product_brand?post=3864"},{"taxonomy":"product_cat","embeddable":true,"href":"https:\/\/goldberg.lv\/lv\/wp-json\/wp\/v2\/product_cat?post=3864"},{"taxonomy":"product_tag","embeddable":true,"href":"https:\/\/goldberg.lv\/lv\/wp-json\/wp\/v2\/product_tag?post=3864"}],"curies":[{"name":"wp","href":"https:\/\/api.w.org\/{rel}","templated":true}]}}