{"id":3854,"date":"2025-11-03T15:20:20","date_gmt":"2025-11-03T12:20:20","guid":{"rendered":"https:\/\/goldberg.lv\/shop\/mr1-12-stainless-steel-impr-tray-set\/"},"modified":"2026-04-15T17:52:45","modified_gmt":"2026-04-15T14:52:45","slug":"mr1-12-stainless-steel-impr-tray-set","status":"publish","type":"product","link":"https:\/\/goldberg.lv\/lv\/shop\/mr1-12-stainless-steel-impr-tray-set\/","title":{"rendered":"MR1 12 STAINLESS STEEL IMPR.TRAY SET"},"content":{"rendered":"<div class=\"elementor-element elementor-element-eef0db1 elementor-widget elementor-widget-woocommerce-product-content\" data-id=\"eef0db1\" data-element_type=\"widget\" data-e-type=\"widget\" data-widget_type=\"woocommerce-product-content.default\">\n<p>Perfor\u0113ti ner\u016bs\u0113jo\u0161\u0101 t\u0113rauda nospiedumu palikt\u0146i ar aizturo\u0161u malu.<\/p>\n<p>SUP. mm 66\u00d750 - 67\u00d751 - 68\u00d755 - 72\u00d756 - 73\u00d759 - 74\u00d764<\/p>\n<p>INF. mm 68\u00d752 - 70\u00d754 - 72\u00d756 - 78\u00d757 - 79\u00d759 - 80\u00d763<\/p>\n<\/div>\n<div class=\"elementor-element elementor-element-68eea50 elementor-widget-divider--view-line elementor-widget elementor-widget-divider\" data-id=\"68eea50\" data-element_type=\"widget\" data-e-type=\"widget\" data-widget_type=\"divider.default\">\n<div class=\"elementor-divider\"><\/div>\n<\/div>","protected":false},"excerpt":{"rendered":"<p>Perforated stainless steel impression trays with retention rim. SUP. mm 66\u00d750 \u2013 67\u00d751 \u2013 68\u00d755 \u2013 72\u00d756 \u2013 73\u00d759 \u2013<\/p>","protected":false},"featured_media":5267,"template":"","meta":[],"product_brand":[94],"product_cat":[51,113,114,117,115],"product_tag":[],"class_list":{"0":"post-3854","1":"product","2":"type-product","3":"status-publish","4":"has-post-thumbnail","6":"product_brand-larident","7":"product_cat-larident","8":"product_cat-endodontics","9":"product_cat-hygiene","10":"product_cat-instruments","11":"product_cat-prosthetics","13":"first","14":"outofstock","15":"shipping-taxable","16":"purchasable","17":"product-type-simple"},"_links":{"self":[{"href":"https:\/\/goldberg.lv\/lv\/wp-json\/wp\/v2\/product\/3854","targetHints":{"allow":["GET"]}}],"collection":[{"href":"https:\/\/goldberg.lv\/lv\/wp-json\/wp\/v2\/product"}],"about":[{"href":"https:\/\/goldberg.lv\/lv\/wp-json\/wp\/v2\/types\/product"}],"wp:featuredmedia":[{"embeddable":true,"href":"https:\/\/goldberg.lv\/lv\/wp-json\/wp\/v2\/media\/5267"}],"wp:attachment":[{"href":"https:\/\/goldberg.lv\/lv\/wp-json\/wp\/v2\/media?parent=3854"}],"wp:term":[{"taxonomy":"product_brand","embeddable":true,"href":"https:\/\/goldberg.lv\/lv\/wp-json\/wp\/v2\/product_brand?post=3854"},{"taxonomy":"product_cat","embeddable":true,"href":"https:\/\/goldberg.lv\/lv\/wp-json\/wp\/v2\/product_cat?post=3854"},{"taxonomy":"product_tag","embeddable":true,"href":"https:\/\/goldberg.lv\/lv\/wp-json\/wp\/v2\/product_tag?post=3854"}],"curies":[{"name":"wp","href":"https:\/\/api.w.org\/{rel}","templated":true}]}}