{"id":3849,"date":"2025-11-03T15:20:15","date_gmt":"2025-11-03T12:20:15","guid":{"rendered":"https:\/\/goldberg.lv\/shop\/ls48-fg-stery-burs-blok-with-lid\/"},"modified":"2026-04-15T17:52:43","modified_gmt":"2026-04-15T14:52:43","slug":"ls48-fg-stery-burs-blok-with-lid","status":"publish","type":"product","link":"https:\/\/goldberg.lv\/lv\/shop\/ls48-fg-stery-burs-blok-with-lid\/","title":{"rendered":"LS48 FG  STERY BURS BLOK WITH LID"},"content":{"rendered":"<p>LS48<br \/>\n48 asme\u0146u tur\u0113t\u0101js<br \/>\ncm 8,5\u00d76,2<\/p>","protected":false},"excerpt":{"rendered":"<p>LS48 Holder for 48 burs cm 8,5&#215;6,2<\/p>","protected":false},"featured_media":5271,"template":"","meta":[],"product_brand":[94],"product_cat":[51],"product_tag":[],"class_list":{"0":"post-3849","1":"product","2":"type-product","3":"status-publish","4":"has-post-thumbnail","6":"product_brand-larident","7":"product_cat-larident","9":"first","10":"instock","11":"shipping-taxable","12":"purchasable","13":"product-type-simple"},"_links":{"self":[{"href":"https:\/\/goldberg.lv\/lv\/wp-json\/wp\/v2\/product\/3849","targetHints":{"allow":["GET"]}}],"collection":[{"href":"https:\/\/goldberg.lv\/lv\/wp-json\/wp\/v2\/product"}],"about":[{"href":"https:\/\/goldberg.lv\/lv\/wp-json\/wp\/v2\/types\/product"}],"wp:featuredmedia":[{"embeddable":true,"href":"https:\/\/goldberg.lv\/lv\/wp-json\/wp\/v2\/media\/5271"}],"wp:attachment":[{"href":"https:\/\/goldberg.lv\/lv\/wp-json\/wp\/v2\/media?parent=3849"}],"wp:term":[{"taxonomy":"product_brand","embeddable":true,"href":"https:\/\/goldberg.lv\/lv\/wp-json\/wp\/v2\/product_brand?post=3849"},{"taxonomy":"product_cat","embeddable":true,"href":"https:\/\/goldberg.lv\/lv\/wp-json\/wp\/v2\/product_cat?post=3849"},{"taxonomy":"product_tag","embeddable":true,"href":"https:\/\/goldberg.lv\/lv\/wp-json\/wp\/v2\/product_tag?post=3849"}],"curies":[{"name":"wp","href":"https:\/\/api.w.org\/{rel}","templated":true}]}}