{"id":3841,"date":"2025-11-03T15:20:00","date_gmt":"2025-11-03T12:20:00","guid":{"rendered":"https:\/\/goldberg.lv\/shop\/a20-5-inox-steel-pellets-dispenser-medium-size-2\/"},"modified":"2026-04-15T17:52:41","modified_gmt":"2026-04-15T14:52:41","slug":"a20-5-inox-steel-pellets-dispenser-medium-size-2","status":"publish","type":"product","link":"https:\/\/goldberg.lv\/lv\/shop\/a20-5-inox-steel-pellets-dispenser-medium-size-2\/","title":{"rendered":"A20.5 INOX T\u0112RAUDA GRANULU DOZATORS VID\u0112JA IZM\u0112RA"},"content":{"rendered":"<p>A20.5<br \/>\nNer\u016bs\u0113jo\u0161\u0101 t\u0113rauda granulu dozators, vid\u0113ja cauruma 0,6, ar atsperi.<br \/>\ncm 4\u00d74 h 5<\/p>","protected":false},"excerpt":{"rendered":"<p>A20.5 Stainless steel pellets dispenser, medium hole 0,6, with spring. cm 4\u00d74 h 5<\/p>","protected":false},"featured_media":5290,"template":"","meta":[],"product_brand":[94],"product_cat":[51],"product_tag":[],"class_list":{"0":"post-3841","1":"product","2":"type-product","3":"status-publish","4":"has-post-thumbnail","6":"product_brand-larident","7":"product_cat-larident","9":"first","10":"instock","11":"shipping-taxable","12":"purchasable","13":"product-type-simple"},"_links":{"self":[{"href":"https:\/\/goldberg.lv\/lv\/wp-json\/wp\/v2\/product\/3841","targetHints":{"allow":["GET"]}}],"collection":[{"href":"https:\/\/goldberg.lv\/lv\/wp-json\/wp\/v2\/product"}],"about":[{"href":"https:\/\/goldberg.lv\/lv\/wp-json\/wp\/v2\/types\/product"}],"wp:featuredmedia":[{"embeddable":true,"href":"https:\/\/goldberg.lv\/lv\/wp-json\/wp\/v2\/media\/5290"}],"wp:attachment":[{"href":"https:\/\/goldberg.lv\/lv\/wp-json\/wp\/v2\/media?parent=3841"}],"wp:term":[{"taxonomy":"product_brand","embeddable":true,"href":"https:\/\/goldberg.lv\/lv\/wp-json\/wp\/v2\/product_brand?post=3841"},{"taxonomy":"product_cat","embeddable":true,"href":"https:\/\/goldberg.lv\/lv\/wp-json\/wp\/v2\/product_cat?post=3841"},{"taxonomy":"product_tag","embeddable":true,"href":"https:\/\/goldberg.lv\/lv\/wp-json\/wp\/v2\/product_tag?post=3841"}],"curies":[{"name":"wp","href":"https:\/\/api.w.org\/{rel}","templated":true}]}}