{"id":3840,"date":"2025-11-03T15:19:59","date_gmt":"2025-11-03T12:19:59","guid":{"rendered":"https:\/\/goldberg.lv\/shop\/diatemp-flow-yellow185-syringes-10tips\/"},"modified":"2026-04-15T16:25:34","modified_gmt":"2026-04-15T13:25:34","slug":"diatemp-flow-yellow185-syringes-10tips","status":"publish","type":"product","link":"https:\/\/goldberg.lv\/lv\/shop\/diatemp-flow-yellow185-syringes-10tips\/","title":{"rendered":"DIATEMP Flow YELLOW (1,8*5 \u0161\u013circes +10 galu)"},"content":{"rendered":"<p class=\"Content_12pts\" align=\"left\"><strong>INDIK\u0100CIJAS<\/strong><\/p>\n<ul>\n<li>Pagaidu un starpposma restaur\u0101cijas inleju un onleju izgatavo\u0161anai<\/li>\n<li>Saliekamo kro\u0146u un tiltu p\u0101rkl\u0101\u0161ana<\/li>\n<li>Implantu skr\u016bvju piek\u013cuves atveru bl\u012bv\u0113\u0161ana<\/li>\n<li>Balstu atveru pagaidu aizpild\u012b\u0161ana<\/li>\n<li>Aizsarg\u0101jo\u0161s smaganu malas p\u0101rkl\u0101jums<\/li>\n<li>Pagaidu dobumu aizpild\u012b\u0161ana\/sak\u0146u kan\u0101lu atveru aizz\u012bmogo\u0161ana<\/li>\n<\/ul>\n<p class=\"Content_12pts\" align=\"left\">\n<strong>FUNKCIJAS<\/strong><\/p>\n<ul>\n<li>Pagaidu restaur\u0101cijas sagatavot\u0101 dobum\u0101<\/li>\n<li>Zema viskozit\u0101te: lieliska pl\u016bstam\u012bba \u013cauj \u0101tri un viegli uzkl\u0101t uz da\u017e\u0101du formu zobiem un ir \u012bpa\u0161i ide\u0101li piem\u0113rota dzi\u013c\u0101m inleju uzlik\u0161anai.<\/li>\n<li>Elast\u012bgs un viegli lietojams<\/li>\n<li>\u0100tra un vienk\u0101r\u0161a no\u0146em\u0161ana vien\u0101 gabal\u0101<\/li>\n<li>Laba sa\u0137ere, lai cie\u0161i nosl\u0113gtu malas<\/li>\n<li>Sp\u0113c\u012bgs un iztur\u012bgs: augsta iztur\u012bba pret \u0101r\u0113jo sp\u0113ku<\/li>\n<li>Bez smar\u017eas, lai nodro\u0161in\u0101tu pacienta komfortu<\/li>\n<li>Pieejami div\u0101s kr\u0101s\u0101s: Dzeltenais ir ide\u0101li piem\u0113rots priek\u0161\u0113jiem zobiem, bet zilais - aizmugur\u0113jiem zobiem.<\/li>\n<\/ul>","protected":false},"excerpt":{"rendered":"<p><strong>DiaTemp pl\u016bsma<\/strong>\u00a0ir zemas viskozit\u0101tes pl\u016bsto\u0161s gaism\u0101 ciet\u0113jo\u0161s materi\u0101ls pagaidu un starpposma restaur\u0101cij\u0101m - inlej\u0101m un onlej\u0101m. To var izmantot kop\u0101 ar DiaTemp.<\/p>","protected":false},"featured_media":4755,"template":"","meta":[],"product_brand":[90],"product_cat":[48,111],"product_tag":[],"class_list":{"0":"post-3840","1":"product","2":"type-product","3":"status-publish","4":"has-post-thumbnail","6":"product_brand-diadent","7":"product_cat-diadent","8":"product_cat-therapy","10":"first","11":"instock","12":"shipping-taxable","13":"purchasable","14":"product-type-simple"},"_links":{"self":[{"href":"https:\/\/goldberg.lv\/lv\/wp-json\/wp\/v2\/product\/3840","targetHints":{"allow":["GET"]}}],"collection":[{"href":"https:\/\/goldberg.lv\/lv\/wp-json\/wp\/v2\/product"}],"about":[{"href":"https:\/\/goldberg.lv\/lv\/wp-json\/wp\/v2\/types\/product"}],"wp:featuredmedia":[{"embeddable":true,"href":"https:\/\/goldberg.lv\/lv\/wp-json\/wp\/v2\/media\/4755"}],"wp:attachment":[{"href":"https:\/\/goldberg.lv\/lv\/wp-json\/wp\/v2\/media?parent=3840"}],"wp:term":[{"taxonomy":"product_brand","embeddable":true,"href":"https:\/\/goldberg.lv\/lv\/wp-json\/wp\/v2\/product_brand?post=3840"},{"taxonomy":"product_cat","embeddable":true,"href":"https:\/\/goldberg.lv\/lv\/wp-json\/wp\/v2\/product_cat?post=3840"},{"taxonomy":"product_tag","embeddable":true,"href":"https:\/\/goldberg.lv\/lv\/wp-json\/wp\/v2\/product_tag?post=3840"}],"curies":[{"name":"wp","href":"https:\/\/api.w.org\/{rel}","templated":true}]}}