{"id":3839,"date":"2025-11-03T15:19:58","date_gmt":"2025-11-03T12:19:58","guid":{"rendered":"https:\/\/goldberg.lv\/shop\/cotton-rolls-mm-8-nr-1-300gr\/"},"modified":"2026-04-15T17:52:41","modified_gmt":"2026-04-15T14:52:41","slug":"cotton-rolls-mm-8-nr-1-300gr","status":"publish","type":"product","link":"https:\/\/goldberg.lv\/lv\/shop\/cotton-rolls-mm-8-nr-1-300gr\/","title":{"rendered":"KOKVILNAS RU\u013b\u013bI MM. 8 NR.1 300GR"},"content":{"rendered":"<p>Se\u013c\u013cu vates rull\u012b\u0161i, nesterili, vienreizlietojami.<br \/>\nSp\u0113c\u012bga absorbcijas sp\u0113ja un iztur\u012bba<br \/>\n\u0161\u0137idrumiem.<br \/>\nNesatur lateksu un ftal\u0101tus.<\/p>","protected":false},"excerpt":{"rendered":"<p>SERTIFIK\u0100TI<\/p>\n<p>Medic\u012bnisk\u0101 ier\u012bce - I klase<\/p>\n<p>IEPAKOJUMS<\/p>\n<p>300 gr | maisi\u0146\u0161<\/p>\n<p>IZM\u0112RS<br \/>\n\u00f8 8 mm<br \/>\n\u00f8 10 mm<br \/>\n\u00f8 12 mm<\/p>","protected":false},"featured_media":4586,"template":"","meta":[],"product_brand":[101],"product_cat":[64,116],"product_tag":[],"class_list":{"0":"post-3839","1":"product","2":"type-product","3":"status-publish","4":"has-post-thumbnail","6":"product_brand-sogeva","7":"product_cat-sogeva","8":"product_cat-disposable-materials","10":"first","11":"instock","12":"shipping-taxable","13":"purchasable","14":"product-type-simple"},"_links":{"self":[{"href":"https:\/\/goldberg.lv\/lv\/wp-json\/wp\/v2\/product\/3839","targetHints":{"allow":["GET"]}}],"collection":[{"href":"https:\/\/goldberg.lv\/lv\/wp-json\/wp\/v2\/product"}],"about":[{"href":"https:\/\/goldberg.lv\/lv\/wp-json\/wp\/v2\/types\/product"}],"wp:featuredmedia":[{"embeddable":true,"href":"https:\/\/goldberg.lv\/lv\/wp-json\/wp\/v2\/media\/4586"}],"wp:attachment":[{"href":"https:\/\/goldberg.lv\/lv\/wp-json\/wp\/v2\/media?parent=3839"}],"wp:term":[{"taxonomy":"product_brand","embeddable":true,"href":"https:\/\/goldberg.lv\/lv\/wp-json\/wp\/v2\/product_brand?post=3839"},{"taxonomy":"product_cat","embeddable":true,"href":"https:\/\/goldberg.lv\/lv\/wp-json\/wp\/v2\/product_cat?post=3839"},{"taxonomy":"product_tag","embeddable":true,"href":"https:\/\/goldberg.lv\/lv\/wp-json\/wp\/v2\/product_tag?post=3839"}],"curies":[{"name":"wp","href":"https:\/\/api.w.org\/{rel}","templated":true}]}}