{"id":3833,"date":"2025-11-03T15:19:51","date_gmt":"2025-11-03T12:19:51","guid":{"rendered":"https:\/\/goldberg.lv\/shop\/light-blue-cups-100-pcs\/"},"modified":"2026-04-15T17:52:39","modified_gmt":"2026-04-15T14:52:39","slug":"light-blue-cups-100-pcs","status":"publish","type":"product","link":"https:\/\/goldberg.lv\/lv\/shop\/light-blue-cups-100-pcs\/","title":{"rendered":"GAI\u0160I ZILAS KR\u016aZES 100 GAB."},"content":{"rendered":"<p>Vienreizlietojamie polipropil\u0113na kr\u016bz\u012btes, netoksiskas<br \/>\nmateri\u0101ls, ar noapa\u013cotu malu un ietilp\u012bbu<br \/>\n180 cm3.<\/p>","protected":false},"excerpt":{"rendered":"<p>KR\u0100SAS<\/p>\n<p>Laima, za\u013ca, gai\u0161i zila, zila, ceri\u0146i, roz\u0101, oran\u017ea, balta.<\/p>","protected":false},"featured_media":4688,"template":"","meta":[],"product_brand":[101],"product_cat":[64,116],"product_tag":[],"class_list":{"0":"post-3833","1":"product","2":"type-product","3":"status-publish","4":"has-post-thumbnail","6":"product_brand-sogeva","7":"product_cat-sogeva","8":"product_cat-disposable-materials","10":"first","11":"instock","12":"shipping-taxable","13":"purchasable","14":"product-type-simple"},"_links":{"self":[{"href":"https:\/\/goldberg.lv\/lv\/wp-json\/wp\/v2\/product\/3833","targetHints":{"allow":["GET"]}}],"collection":[{"href":"https:\/\/goldberg.lv\/lv\/wp-json\/wp\/v2\/product"}],"about":[{"href":"https:\/\/goldberg.lv\/lv\/wp-json\/wp\/v2\/types\/product"}],"wp:featuredmedia":[{"embeddable":true,"href":"https:\/\/goldberg.lv\/lv\/wp-json\/wp\/v2\/media\/4688"}],"wp:attachment":[{"href":"https:\/\/goldberg.lv\/lv\/wp-json\/wp\/v2\/media?parent=3833"}],"wp:term":[{"taxonomy":"product_brand","embeddable":true,"href":"https:\/\/goldberg.lv\/lv\/wp-json\/wp\/v2\/product_brand?post=3833"},{"taxonomy":"product_cat","embeddable":true,"href":"https:\/\/goldberg.lv\/lv\/wp-json\/wp\/v2\/product_cat?post=3833"},{"taxonomy":"product_tag","embeddable":true,"href":"https:\/\/goldberg.lv\/lv\/wp-json\/wp\/v2\/product_tag?post=3833"}],"curies":[{"name":"wp","href":"https:\/\/api.w.org\/{rel}","templated":true}]}}