{"id":3831,"date":"2025-11-03T15:19:49","date_gmt":"2025-11-03T12:19:49","guid":{"rendered":"https:\/\/goldberg.lv\/shop\/lime-trays-400-pcs\/"},"modified":"2026-04-15T17:52:38","modified_gmt":"2026-04-15T14:52:38","slug":"lime-trays-400-pcs","status":"publish","type":"product","link":"https:\/\/goldberg.lv\/lv\/shop\/lime-trays-400-pcs\/","title":{"rendered":"KA\u013b\u0136U PAPL\u0100TES 400 GAB."},"content":{"rendered":"<p>Vienreizlietojam\u0101s papl\u0101tes, kas izgatavotas no iztur\u012bgas pastiprin\u0101tas<br \/>\nplastmasas materi\u0101ls (polistirols), nesterils,<br \/>\nbiolo\u0123iski no\u0101rd\u0101ms un ar pastiprin\u0101t\u0101m mal\u0101m.<br \/>\nTos izmanto instrumentu atp\u016btin\u0101\u0161anai un<br \/>\nmateri\u0101li.<\/p>","protected":false},"excerpt":{"rendered":"<p>KR\u0100SAS<\/p>\n<p>Laima, gai\u0161i zils, ceri\u0146i, oran\u017es, dzeltens, balts.<\/p>\n<p>IZM\u0112RS<\/p>\n<p>18\u00d728 cm<\/p>","protected":false},"featured_media":4678,"template":"","meta":[],"product_brand":[101],"product_cat":[64,116],"product_tag":[],"class_list":{"0":"post-3831","1":"product","2":"type-product","3":"status-publish","4":"has-post-thumbnail","6":"product_brand-sogeva","7":"product_cat-sogeva","8":"product_cat-disposable-materials","10":"first","11":"instock","12":"shipping-taxable","13":"purchasable","14":"product-type-simple"},"_links":{"self":[{"href":"https:\/\/goldberg.lv\/lv\/wp-json\/wp\/v2\/product\/3831","targetHints":{"allow":["GET"]}}],"collection":[{"href":"https:\/\/goldberg.lv\/lv\/wp-json\/wp\/v2\/product"}],"about":[{"href":"https:\/\/goldberg.lv\/lv\/wp-json\/wp\/v2\/types\/product"}],"wp:featuredmedia":[{"embeddable":true,"href":"https:\/\/goldberg.lv\/lv\/wp-json\/wp\/v2\/media\/4678"}],"wp:attachment":[{"href":"https:\/\/goldberg.lv\/lv\/wp-json\/wp\/v2\/media?parent=3831"}],"wp:term":[{"taxonomy":"product_brand","embeddable":true,"href":"https:\/\/goldberg.lv\/lv\/wp-json\/wp\/v2\/product_brand?post=3831"},{"taxonomy":"product_cat","embeddable":true,"href":"https:\/\/goldberg.lv\/lv\/wp-json\/wp\/v2\/product_cat?post=3831"},{"taxonomy":"product_tag","embeddable":true,"href":"https:\/\/goldberg.lv\/lv\/wp-json\/wp\/v2\/product_tag?post=3831"}],"curies":[{"name":"wp","href":"https:\/\/api.w.org\/{rel}","templated":true}]}}