{"id":3827,"date":"2025-11-03T15:19:44","date_gmt":"2025-11-03T12:19:44","guid":{"rendered":"https:\/\/goldberg.lv\/shop\/micro-blutip-box-20-pcs-adapter\/"},"modified":"2026-04-15T17:52:36","modified_gmt":"2026-04-15T14:52:36","slug":"micro-blutip-box-20-pcs-adapter","status":"publish","type":"product","link":"https:\/\/goldberg.lv\/lv\/shop\/micro-blutip-box-20-pcs-adapter\/","title":{"rendered":"MIKRO \u2018BLUTIP\u2019 KASTE 20 GAB. + ADAPTERIS"},"content":{"rendered":"<p>Sterila, vienreizlietojama \u0137irur\u0123iska aspir\u0101cijas kanila<br \/>\nizgatavoti no plastmasas un steriliz\u0113ti<br \/>\nar EO. Blutip s\u016bkn\u0113\u0161anas kannules ir p\u0101rbaud\u012btas<br \/>\npiederumi \u0137irur\u0123isk\u0101 lauka \u017e\u0101v\u0113\u0161anai,<br \/>\njo \u012bpa\u0161i minim\u0101li invaz\u012bv\u0101 mutes dobuma \u0137irur\u0123ij\u0101<br \/>\nun da\u013ci\u0146u aspir\u0101cija.<br \/>\n- Var steriliz\u0113t ar tvaiku autokl\u0101v\u0101.<\/p>","protected":false},"excerpt":{"rendered":"<p>IZM\u0112RS<\/p>\n<p>\u00d8 1,2 mm mikro<\/p>","protected":false},"featured_media":4672,"template":"","meta":[],"product_brand":[101],"product_cat":[64,116,112],"product_tag":[],"class_list":{"0":"post-3827","1":"product","2":"type-product","3":"status-publish","4":"has-post-thumbnail","6":"product_brand-sogeva","7":"product_cat-sogeva","8":"product_cat-disposable-materials","9":"product_cat-surgery","11":"first","12":"instock","13":"shipping-taxable","14":"purchasable","15":"product-type-simple"},"_links":{"self":[{"href":"https:\/\/goldberg.lv\/lv\/wp-json\/wp\/v2\/product\/3827","targetHints":{"allow":["GET"]}}],"collection":[{"href":"https:\/\/goldberg.lv\/lv\/wp-json\/wp\/v2\/product"}],"about":[{"href":"https:\/\/goldberg.lv\/lv\/wp-json\/wp\/v2\/types\/product"}],"wp:featuredmedia":[{"embeddable":true,"href":"https:\/\/goldberg.lv\/lv\/wp-json\/wp\/v2\/media\/4672"}],"wp:attachment":[{"href":"https:\/\/goldberg.lv\/lv\/wp-json\/wp\/v2\/media?parent=3827"}],"wp:term":[{"taxonomy":"product_brand","embeddable":true,"href":"https:\/\/goldberg.lv\/lv\/wp-json\/wp\/v2\/product_brand?post=3827"},{"taxonomy":"product_cat","embeddable":true,"href":"https:\/\/goldberg.lv\/lv\/wp-json\/wp\/v2\/product_cat?post=3827"},{"taxonomy":"product_tag","embeddable":true,"href":"https:\/\/goldberg.lv\/lv\/wp-json\/wp\/v2\/product_tag?post=3827"}],"curies":[{"name":"wp","href":"https:\/\/api.w.org\/{rel}","templated":true}]}}