{"id":3821,"date":"2025-11-03T15:19:38","date_gmt":"2025-11-03T12:19:38","guid":{"rendered":"https:\/\/goldberg.lv\/shop\/flat-roll-sogeva-mm-50x200m\/"},"modified":"2026-04-15T17:52:33","modified_gmt":"2026-04-15T14:52:33","slug":"flat-roll-sogeva-mm-50x200m","status":"publish","type":"product","link":"https:\/\/goldberg.lv\/lv\/shop\/flat-roll-sogeva-mm-50x200m\/","title":{"rendered":"PLAKANAIS RU\u013bLIS SOGEVA MM.50X200M"},"content":{"rendered":"<p>SOGEVA steriliz\u0101cijas ru\u013c\u013ci tiek ra\u017eoti ar<br \/>\nlab\u0101kie sertific\u0113tie materi\u0101li: augsta gramat\u016bra<br \/>\nmedic\u012bniskais pap\u012brs (60 g\/m2<br \/>\n) un dubulto sl\u0101ni<br \/>\npolietil\u0113na\/polipropil\u0113na pl\u0113ve (55 g\/m2)<br \/>\n), jo<br \/>\natbilst\u012bba MDR (ES) 2017\/745 \u012bpa\u0161i<br \/>\nizstr\u0101d\u0101ts, lai nodro\u0161in\u0101tu augstu antibakteri\u0101lo aizsardz\u012bbu<br \/>\nmedic\u012bniskai steriliz\u0101cijai. Modern\u0101kie procesi:<br \/>\npast\u0101v\u012bgs herm\u0113tiskums steriliz\u0101cijas laik\u0101; \u013coti viegla steriliz\u0101cija.<br \/>\natv\u0113r\u0161ana bez \u0161\u0137iedru atbr\u012bvo\u0161an\u0101s vai pl\u012bsumiem; pareiza<br \/>\nsterilit\u0101tes uztur\u0113\u0161ana.<br \/>\nSTERILIZ\u0100CIJAS KR\u0100SAS MAI\u0145A:<br \/>\nTvaiks: gai\u0161i zils l\u012bdz za\u013c\u0161<br \/>\nEtil\u0113noks\u012bds: roz\u0101 l\u012bdz oran\u017e\u0101 kr\u0101s\u0101<br \/>\nFormaldeh\u012bds: za\u013c\u0161 l\u012bdz dzeltens.<\/p>","protected":false},"excerpt":{"rendered":"<p>SOGEVA sterilization reels are produced with the best certified materials: high grammage medical paper (60 g\/m2 ) and a double<\/p>","protected":false},"featured_media":4667,"template":"","meta":[],"product_brand":[101],"product_cat":[64,120],"product_tag":[],"class_list":{"0":"post-3821","1":"product","2":"type-product","3":"status-publish","4":"has-post-thumbnail","6":"product_brand-sogeva","7":"product_cat-sogeva","8":"product_cat-disinfection-sterilization","10":"first","11":"instock","12":"shipping-taxable","13":"purchasable","14":"product-type-simple"},"_links":{"self":[{"href":"https:\/\/goldberg.lv\/lv\/wp-json\/wp\/v2\/product\/3821","targetHints":{"allow":["GET"]}}],"collection":[{"href":"https:\/\/goldberg.lv\/lv\/wp-json\/wp\/v2\/product"}],"about":[{"href":"https:\/\/goldberg.lv\/lv\/wp-json\/wp\/v2\/types\/product"}],"wp:featuredmedia":[{"embeddable":true,"href":"https:\/\/goldberg.lv\/lv\/wp-json\/wp\/v2\/media\/4667"}],"wp:attachment":[{"href":"https:\/\/goldberg.lv\/lv\/wp-json\/wp\/v2\/media?parent=3821"}],"wp:term":[{"taxonomy":"product_brand","embeddable":true,"href":"https:\/\/goldberg.lv\/lv\/wp-json\/wp\/v2\/product_brand?post=3821"},{"taxonomy":"product_cat","embeddable":true,"href":"https:\/\/goldberg.lv\/lv\/wp-json\/wp\/v2\/product_cat?post=3821"},{"taxonomy":"product_tag","embeddable":true,"href":"https:\/\/goldberg.lv\/lv\/wp-json\/wp\/v2\/product_tag?post=3821"}],"curies":[{"name":"wp","href":"https:\/\/api.w.org\/{rel}","templated":true}]}}