{"id":3804,"date":"2025-11-03T15:19:18","date_gmt":"2025-11-03T12:19:18","guid":{"rendered":"https:\/\/goldberg.lv\/shop\/sm-9301526-daclon-nylon-monofil-75-cm-ep-3-usp-2-0-needle-3-8-cir-cut-26-mm\/"},"modified":"2026-04-15T16:24:13","modified_gmt":"2026-04-15T13:24:13","slug":"sm-9301526-daclon-nylon-monofil-75-cm-ep-3-usp-2-0-needle-3-8-cir-cut-26-mm","status":"publish","type":"product","link":"https:\/\/goldberg.lv\/lv\/shop\/sm-9301526-daclon-nylon-monofil-75-cm-ep-3-usp-2-0-needle-3-8-cir-cut-26-mm\/","title":{"rendered":"SM 9301526 DACLON NYLON MONOFIL 75 CM EP 3 USP 2\/0 NEEDLE 3\/8 CIR CUT. 26 MM"},"content":{"rendered":"<p>&nbsp;<\/p>\n<p>Veids:                        Mono\u0161\u0137iedra:<\/p>\n<p>Sast\u0101vs:          Poliam\u012bda 6.0 vai 6.6 ekstr\u016bzija.<\/p>\n<p>P\u0101rkl\u0101jums:                   Nav:<\/p>\n<p>Kr\u0101sa: zila<br \/>\nBlack<\/p>\n<p>Audu reakcija:     Minim\u0101la<\/p>\n<p>Absorbcija:            Neabsorb\u0113jas, pak\u0101peniski iekapsul\u0113jas saistaudos. Diegu masa samazin\u0101s aptuveni 10% gad\u0101, p\u0101rraujot \u0137\u012bmisk\u0101s saites (hidrol\u012btiska darb\u012bba).<\/p>\n<p>Prezent\u0101cija:         Kaste ar 12 \u0161uv\u0113m<\/p>","protected":false},"excerpt":{"rendered":"<p>&nbsp; Type: \u00a0 \u00a0 \u00a0 \u00a0 \u00a0 \u00a0 \u00a0 \u00a0 \u00a0 \u00a0 \u00a0 \u00a0Monofilament Composition: \u00a0 \u00a0 \u00a0 \u00a0 \u00a0Extrusion<\/p>","protected":false},"featured_media":4633,"template":"","meta":[],"product_brand":[99],"product_cat":[63],"product_tag":[],"class_list":{"0":"post-3804","1":"product","2":"type-product","3":"status-publish","4":"has-post-thumbnail","6":"product_brand-smi","7":"product_cat-smi","9":"first","10":"instock","11":"shipping-taxable","12":"purchasable","13":"product-type-simple"},"_links":{"self":[{"href":"https:\/\/goldberg.lv\/lv\/wp-json\/wp\/v2\/product\/3804","targetHints":{"allow":["GET"]}}],"collection":[{"href":"https:\/\/goldberg.lv\/lv\/wp-json\/wp\/v2\/product"}],"about":[{"href":"https:\/\/goldberg.lv\/lv\/wp-json\/wp\/v2\/types\/product"}],"wp:featuredmedia":[{"embeddable":true,"href":"https:\/\/goldberg.lv\/lv\/wp-json\/wp\/v2\/media\/4633"}],"wp:attachment":[{"href":"https:\/\/goldberg.lv\/lv\/wp-json\/wp\/v2\/media?parent=3804"}],"wp:term":[{"taxonomy":"product_brand","embeddable":true,"href":"https:\/\/goldberg.lv\/lv\/wp-json\/wp\/v2\/product_brand?post=3804"},{"taxonomy":"product_cat","embeddable":true,"href":"https:\/\/goldberg.lv\/lv\/wp-json\/wp\/v2\/product_cat?post=3804"},{"taxonomy":"product_tag","embeddable":true,"href":"https:\/\/goldberg.lv\/lv\/wp-json\/wp\/v2\/product_tag?post=3804"}],"curies":[{"name":"wp","href":"https:\/\/api.w.org\/{rel}","templated":true}]}}