{"id":3802,"date":"2025-11-03T15:19:16","date_gmt":"2025-11-03T12:19:16","guid":{"rendered":"https:\/\/goldberg.lv\/shop\/sm-9201519-daclon-nylon-monofil-75cm-ep-2-usp-3-0-needle-3-8-cir-cut-19-mm\/"},"modified":"2026-04-15T17:52:00","modified_gmt":"2026-04-15T14:52:00","slug":"sm-9201519-daclon-nylon-monofil-75cm-ep-2-usp-3-0-needle-3-8-cir-cut-19-mm","status":"publish","type":"product","link":"https:\/\/goldberg.lv\/lv\/shop\/sm-9201519-daclon-nylon-monofil-75cm-ep-2-usp-3-0-needle-3-8-cir-cut-19-mm\/","title":{"rendered":"SM 9201519 DACLON NYLON MONOFIL 75CM EP 2 USP 3\/0 NEEDLE 3\/8 CIR CUT. 19 MM"},"content":{"rendered":"<p>Tips :                 Monofilaments<\/p>\n<p>Sast\u0101vs:     Poliam\u012bda 6.0 vai 6.6 ekstr\u016bzija.<\/p>\n<p>P\u0101rkl\u0101jums:               Nav:<\/p>\n<p>Kr\u0101sa: zila<br \/>\nBlack<\/p>\n<p>Audu reakcija:   Minim\u0101la<\/p>\n<p>Absorbcija:            Neabsorb\u0113jas, pak\u0101peniski iekapsul\u0113jas saistaudos. Diegu masa samazin\u0101s aptuveni 10% gad\u0101, p\u0101rraujot \u0137\u012bmisk\u0101s saites (hidrol\u012btiska darb\u012bba).<\/p>\n<p>Prezent\u0101cija:       Kaste ar 12 \u0161uv\u0113m<\/p>","protected":false},"excerpt":{"rendered":"<p>Type : \u00a0 \u00a0 \u00a0 \u00a0 \u00a0 \u00a0 \u00a0 \u00a0 Monofilament Composition: \u00a0 \u00a0 Extrusion of polyamide 6.0 or 6.6<\/p>","protected":false},"featured_media":4692,"template":"","meta":[],"product_brand":[99],"product_cat":[63,112],"product_tag":[],"class_list":{"0":"post-3802","1":"product","2":"type-product","3":"status-publish","4":"has-post-thumbnail","6":"product_brand-smi","7":"product_cat-smi","8":"product_cat-surgery","10":"first","11":"instock","12":"shipping-taxable","13":"purchasable","14":"product-type-simple"},"_links":{"self":[{"href":"https:\/\/goldberg.lv\/lv\/wp-json\/wp\/v2\/product\/3802","targetHints":{"allow":["GET"]}}],"collection":[{"href":"https:\/\/goldberg.lv\/lv\/wp-json\/wp\/v2\/product"}],"about":[{"href":"https:\/\/goldberg.lv\/lv\/wp-json\/wp\/v2\/types\/product"}],"wp:featuredmedia":[{"embeddable":true,"href":"https:\/\/goldberg.lv\/lv\/wp-json\/wp\/v2\/media\/4692"}],"wp:attachment":[{"href":"https:\/\/goldberg.lv\/lv\/wp-json\/wp\/v2\/media?parent=3802"}],"wp:term":[{"taxonomy":"product_brand","embeddable":true,"href":"https:\/\/goldberg.lv\/lv\/wp-json\/wp\/v2\/product_brand?post=3802"},{"taxonomy":"product_cat","embeddable":true,"href":"https:\/\/goldberg.lv\/lv\/wp-json\/wp\/v2\/product_cat?post=3802"},{"taxonomy":"product_tag","embeddable":true,"href":"https:\/\/goldberg.lv\/lv\/wp-json\/wp\/v2\/product_tag?post=3802"}],"curies":[{"name":"wp","href":"https:\/\/api.w.org\/{rel}","templated":true}]}}