{"id":3800,"date":"2025-11-03T15:19:13","date_gmt":"2025-11-03T12:19:13","guid":{"rendered":"https:\/\/goldberg.lv\/shop\/sm-9151519-daclon-nylon-monofil-75-cm-ep-1-5-usp-4-0-needle-3-8-cir-cut-19-mm\/"},"modified":"2026-04-15T17:51:59","modified_gmt":"2026-04-15T14:51:59","slug":"sm-9151519-daclon-nylon-monofil-75-cm-ep-1-5-usp-4-0-needle-3-8-cir-cut-19-mm","status":"publish","type":"product","link":"https:\/\/goldberg.lv\/lv\/shop\/sm-9151519-daclon-nylon-monofil-75-cm-ep-1-5-usp-4-0-needle-3-8-cir-cut-19-mm\/","title":{"rendered":"SM 9151519 DACLON NYLON MONOFIL 75 CM EP 1.5 USP 4\/0 NEEDLE 3\/8 CIR CUT. 19 MM"},"content":{"rendered":"<p>Veids:                                      Mono\u0161\u0137iedra:<\/p>\n<p>Sast\u0101vs:                        Poliam\u012bda 6.0 vai 6.6 ekstr\u016bzija.<\/p>\n<p>P\u0101rkl\u0101jums:                                  Nav:<\/p>\n<p>Kr\u0101sa: zila<br \/>\nBlack<\/p>\n<p>Audu reakcija:                     Minim\u0101la<\/p>\n<p>Absorbcija:                            Neabsorb\u0113jas, pak\u0101peniski iekapsul\u0113jas saistaudos. Diegu masa samazin\u0101s aptuveni 10% gad\u0101, p\u0101rraujot \u0137\u012bmisk\u0101s saites (hidrol\u012btiska darb\u012bba).<\/p>\n<p>Prezent\u0101cija:                         Kaste ar 12 \u0161uv\u0113m<\/p>","protected":false},"excerpt":{"rendered":"<p>Veids:                                      Mono\u0161\u0137iedra:<\/p>","protected":false},"featured_media":4775,"template":"","meta":[],"product_brand":[99],"product_cat":[63,112],"product_tag":[],"class_list":{"0":"post-3800","1":"product","2":"type-product","3":"status-publish","4":"has-post-thumbnail","6":"product_brand-smi","7":"product_cat-smi","8":"product_cat-surgery","10":"first","11":"instock","12":"shipping-taxable","13":"purchasable","14":"product-type-simple"},"_links":{"self":[{"href":"https:\/\/goldberg.lv\/lv\/wp-json\/wp\/v2\/product\/3800","targetHints":{"allow":["GET"]}}],"collection":[{"href":"https:\/\/goldberg.lv\/lv\/wp-json\/wp\/v2\/product"}],"about":[{"href":"https:\/\/goldberg.lv\/lv\/wp-json\/wp\/v2\/types\/product"}],"wp:featuredmedia":[{"embeddable":true,"href":"https:\/\/goldberg.lv\/lv\/wp-json\/wp\/v2\/media\/4775"}],"wp:attachment":[{"href":"https:\/\/goldberg.lv\/lv\/wp-json\/wp\/v2\/media?parent=3800"}],"wp:term":[{"taxonomy":"product_brand","embeddable":true,"href":"https:\/\/goldberg.lv\/lv\/wp-json\/wp\/v2\/product_brand?post=3800"},{"taxonomy":"product_cat","embeddable":true,"href":"https:\/\/goldberg.lv\/lv\/wp-json\/wp\/v2\/product_cat?post=3800"},{"taxonomy":"product_tag","embeddable":true,"href":"https:\/\/goldberg.lv\/lv\/wp-json\/wp\/v2\/product_tag?post=3800"}],"curies":[{"name":"wp","href":"https:\/\/api.w.org\/{rel}","templated":true}]}}