{"id":3791,"date":"2025-11-03T15:19:00","date_gmt":"2025-11-03T12:19:00","guid":{"rendered":"https:\/\/goldberg.lv\/shop\/sm-8151519-silk-black-75-cm-ep-1-5-usp-4-0-needle-3-8-cir-rev-cutting-19-mm\/"},"modified":"2026-04-15T17:51:55","modified_gmt":"2026-04-15T14:51:55","slug":"sm-8151519-silk-black-75-cm-ep-1-5-usp-4-0-needle-3-8-cir-rev-cutting-19-mm","status":"publish","type":"product","link":"https:\/\/goldberg.lv\/lv\/shop\/sm-8151519-silk-black-75-cm-ep-1-5-usp-4-0-needle-3-8-cir-rev-cutting-19-mm\/","title":{"rendered":"SM 8151519 SILK BLACK 75 CM EP 1.5 USP 4\/0 NEEDLE 3\/8 CIR REV. CUTTING 19 MM"},"content":{"rendered":"<p>Veids:                        P\u012bti daudzpavedieni<\/p>\n<p>Sast\u0101vs:         P\u012btas \u0161\u0137iedras no z\u012bdt\u0101rpi\u0146a kokona.<\/p>\n<p>P\u0101rkl\u0101jums:                   Silikons:<\/p>\n<p>Kr\u0101sa: melna<\/p>\n<p>Audu reakcija:       Vid\u0113ji smaga:<\/p>\n<p>Absorbcija:               Z\u012bda \u0161uve audos izraisa s\u0101kotn\u0113ju iekaisuma reakciju, kam seko pak\u0101peniska \u0161uves inkapsul\u0101cija ar \u0161\u0137iedrveida saistaudiem.<\/p>\n<p>Prezent\u0101cija:            Kaste ar 12 \u0161uv\u0113m<\/p>","protected":false},"excerpt":{"rendered":"<p>Type: \u00a0 \u00a0 \u00a0 \u00a0 \u00a0 \u00a0 \u00a0 \u00a0 \u00a0 \u00a0 \u00a0 \u00a0Braided multifilament Composition: \u00a0 \u00a0 \u00a0 \u00a0 Braided<\/p>","protected":false},"featured_media":4698,"template":"","meta":[],"product_brand":[99],"product_cat":[63,112],"product_tag":[],"class_list":{"0":"post-3791","1":"product","2":"type-product","3":"status-publish","4":"has-post-thumbnail","6":"product_brand-smi","7":"product_cat-smi","8":"product_cat-surgery","10":"first","11":"instock","12":"shipping-taxable","13":"purchasable","14":"product-type-simple"},"_links":{"self":[{"href":"https:\/\/goldberg.lv\/lv\/wp-json\/wp\/v2\/product\/3791","targetHints":{"allow":["GET"]}}],"collection":[{"href":"https:\/\/goldberg.lv\/lv\/wp-json\/wp\/v2\/product"}],"about":[{"href":"https:\/\/goldberg.lv\/lv\/wp-json\/wp\/v2\/types\/product"}],"wp:featuredmedia":[{"embeddable":true,"href":"https:\/\/goldberg.lv\/lv\/wp-json\/wp\/v2\/media\/4698"}],"wp:attachment":[{"href":"https:\/\/goldberg.lv\/lv\/wp-json\/wp\/v2\/media?parent=3791"}],"wp:term":[{"taxonomy":"product_brand","embeddable":true,"href":"https:\/\/goldberg.lv\/lv\/wp-json\/wp\/v2\/product_brand?post=3791"},{"taxonomy":"product_cat","embeddable":true,"href":"https:\/\/goldberg.lv\/lv\/wp-json\/wp\/v2\/product_cat?post=3791"},{"taxonomy":"product_tag","embeddable":true,"href":"https:\/\/goldberg.lv\/lv\/wp-json\/wp\/v2\/product_tag?post=3791"}],"curies":[{"name":"wp","href":"https:\/\/api.w.org\/{rel}","templated":true}]}}