{"id":3771,"date":"2025-11-03T15:18:34","date_gmt":"2025-11-03T12:18:34","guid":{"rendered":"https:\/\/goldberg.lv\/shop\/sm-5071510-polypropylene-blue-45-cm-ep-0-7-usp-6-0-needle-3-8-cir-cutting-10-mm\/"},"modified":"2026-04-15T17:51:46","modified_gmt":"2026-04-15T14:51:46","slug":"sm-5071510-polypropylene-blue-45-cm-ep-0-7-usp-6-0-needle-3-8-cir-cutting-10-mm","status":"publish","type":"product","link":"https:\/\/goldberg.lv\/lv\/shop\/sm-5071510-polypropylene-blue-45-cm-ep-0-7-usp-6-0-needle-3-8-cir-cutting-10-mm\/","title":{"rendered":"SM 5071510 POLYPROPYLENE BLUE 45 CM EP 0.7 USP 6\/0 NEEDLE 3\/8 CIR CUTTING 10 MM"},"content":{"rendered":"<table class=\"table table-hover mt-4\">\n<tbody>\n<tr>\n<th scope=\"row\">Tips<\/th>\n<td>Mono\u0161\u0137iedra<\/td>\n<\/tr>\n<tr>\n<th scope=\"row\">Sast\u0101vs<\/th>\n<td>Polipropil\u0113ns, propil\u0113na polim\u0113rs<\/td>\n<\/tr>\n<tr>\n<th scope=\"row\">P\u0101rkl\u0101jums<\/th>\n<td>Nav<\/td>\n<\/tr>\n<tr>\n<th scope=\"row\">Kr\u0101sa<\/th>\n<td>Zilais<\/td>\n<\/tr>\n<tr>\n<th scope=\"row\">Audu reakcija<\/th>\n<td>Minim\u0101ls<\/td>\n<\/tr>\n<tr>\n<th scope=\"row\">Absorbcija<\/th>\n<td>Neabsorb\u0113jams<\/td>\n<\/tr>\n<tr>\n<th scope=\"row\">Prezent\u0101cija<\/th>\n<td>Kaste ar 12 \u0161uv\u0113m<\/td>\n<\/tr>\n<\/tbody>\n<\/table>","protected":false},"excerpt":{"rendered":"<p>Type Monofilament Composition Polypropylene, a polymer of propylene Coating None Colour Blue Tissue reaction Minimal Absorption Non absorbable Presentation Box<\/p>","protected":false},"featured_media":4720,"template":"","meta":[],"product_brand":[99],"product_cat":[63,112],"product_tag":[],"class_list":{"0":"post-3771","1":"product","2":"type-product","3":"status-publish","4":"has-post-thumbnail","6":"product_brand-smi","7":"product_cat-smi","8":"product_cat-surgery","10":"first","11":"instock","12":"shipping-taxable","13":"purchasable","14":"product-type-simple"},"_links":{"self":[{"href":"https:\/\/goldberg.lv\/lv\/wp-json\/wp\/v2\/product\/3771","targetHints":{"allow":["GET"]}}],"collection":[{"href":"https:\/\/goldberg.lv\/lv\/wp-json\/wp\/v2\/product"}],"about":[{"href":"https:\/\/goldberg.lv\/lv\/wp-json\/wp\/v2\/types\/product"}],"wp:featuredmedia":[{"embeddable":true,"href":"https:\/\/goldberg.lv\/lv\/wp-json\/wp\/v2\/media\/4720"}],"wp:attachment":[{"href":"https:\/\/goldberg.lv\/lv\/wp-json\/wp\/v2\/media?parent=3771"}],"wp:term":[{"taxonomy":"product_brand","embeddable":true,"href":"https:\/\/goldberg.lv\/lv\/wp-json\/wp\/v2\/product_brand?post=3771"},{"taxonomy":"product_cat","embeddable":true,"href":"https:\/\/goldberg.lv\/lv\/wp-json\/wp\/v2\/product_cat?post=3771"},{"taxonomy":"product_tag","embeddable":true,"href":"https:\/\/goldberg.lv\/lv\/wp-json\/wp\/v2\/product_tag?post=3771"}],"curies":[{"name":"wp","href":"https:\/\/api.w.org\/{rel}","templated":true}]}}