{"id":3765,"date":"2025-11-03T15:18:27","date_gmt":"2025-11-03T12:18:27","guid":{"rendered":"https:\/\/goldberg.lv\/shop\/sm-4151519-supramid-black-ep-1-5-usp-4-0-nl-3-8-cir-cutting-19-mm-45-cm\/"},"modified":"2026-04-15T17:51:41","modified_gmt":"2026-04-15T14:51:41","slug":"sm-4151519-supramid-black-ep-1-5-usp-4-0-nl-3-8-cir-cutting-19-mm-45-cm","status":"publish","type":"product","link":"https:\/\/goldberg.lv\/lv\/shop\/sm-4151519-supramid-black-ep-1-5-usp-4-0-nl-3-8-cir-cutting-19-mm-45-cm\/","title":{"rendered":"SM 4151519 SUPRAMID BLACK EP 1.5 USP 4\/0 NL 3\/8 CIR CUTTING 19 MM\/45 CM"},"content":{"rendered":"<p>Veids:                           V\u012bt\u0101 un p\u0101rkl\u0101ta daudzpavedienu \u0161\u0137iedra<br \/>\nIzm\u0113ri 5\/0 un 6\/0 mono\u0161\u0137iedra<\/p>\n<p>Sast\u0101vs:             Poliam\u012bda 6.6 pavedieni, kas iesl\u0113gti poliam\u012bda 6 pl\u0113v\u0113.<\/p>\n<p>Kr\u0101sa: melna<\/p>\n<p>Audu reakcija:         Minim\u0101la<\/p>\n<p>Absorbcija:                 Neabsorb\u0113jams, pak\u0101peniski iekapsul\u0113ts saistaudos.<\/p>\n<p>Prezent\u0101cija:               Kaste ar 12 \u0161uv\u0113m<\/p>","protected":false},"excerpt":{"rendered":"<p>Type: \u00a0 \u00a0 \u00a0 \u00a0 \u00a0 \u00a0 \u00a0 \u00a0 \u00a0 \u00a0 \u00a0 \u00a0 \u00a0 Twisted and coated multifilament Sizes 5\/0<\/p>","protected":false},"featured_media":4727,"template":"","meta":[],"product_brand":[99],"product_cat":[63,112],"product_tag":[],"class_list":{"0":"post-3765","1":"product","2":"type-product","3":"status-publish","4":"has-post-thumbnail","6":"product_brand-smi","7":"product_cat-smi","8":"product_cat-surgery","10":"first","11":"instock","12":"shipping-taxable","13":"purchasable","14":"product-type-simple"},"_links":{"self":[{"href":"https:\/\/goldberg.lv\/lv\/wp-json\/wp\/v2\/product\/3765","targetHints":{"allow":["GET"]}}],"collection":[{"href":"https:\/\/goldberg.lv\/lv\/wp-json\/wp\/v2\/product"}],"about":[{"href":"https:\/\/goldberg.lv\/lv\/wp-json\/wp\/v2\/types\/product"}],"wp:featuredmedia":[{"embeddable":true,"href":"https:\/\/goldberg.lv\/lv\/wp-json\/wp\/v2\/media\/4727"}],"wp:attachment":[{"href":"https:\/\/goldberg.lv\/lv\/wp-json\/wp\/v2\/media?parent=3765"}],"wp:term":[{"taxonomy":"product_brand","embeddable":true,"href":"https:\/\/goldberg.lv\/lv\/wp-json\/wp\/v2\/product_brand?post=3765"},{"taxonomy":"product_cat","embeddable":true,"href":"https:\/\/goldberg.lv\/lv\/wp-json\/wp\/v2\/product_cat?post=3765"},{"taxonomy":"product_tag","embeddable":true,"href":"https:\/\/goldberg.lv\/lv\/wp-json\/wp\/v2\/product_tag?post=3765"}],"curies":[{"name":"wp","href":"https:\/\/api.w.org\/{rel}","templated":true}]}}