{"id":3760,"date":"2025-11-03T15:18:20","date_gmt":"2025-11-03T12:18:20","guid":{"rendered":"https:\/\/goldberg.lv\/shop\/sm-2301519-catgut-chrom-75-cm-ep-3-usp-3-0-needle-3-8-cir-rev-cutting-19-mm\/"},"modified":"2026-04-15T17:51:37","modified_gmt":"2026-04-15T14:51:37","slug":"sm-2301519-catgut-chrom-75-cm-ep-3-usp-3-0-needle-3-8-cir-rev-cutting-19-mm","status":"publish","type":"product","link":"https:\/\/goldberg.lv\/lv\/shop\/sm-2301519-catgut-chrom-75-cm-ep-3-usp-3-0-needle-3-8-cir-rev-cutting-19-mm\/","title":{"rendered":"SM 2301519 CATGUT CHROM 75 CM EP 3 USP 3\/0 NEEDLE 3\/8 CIR REV. CUTTING 19 MM"},"content":{"rendered":"<table class=\"table table-hover mt-4\">\n<tbody>\n<tr>\n<th scope=\"row\">Tips<\/th>\n<td>V\u012bt\u0101 daudzpavediena aukla ar monopavediena izskatu<\/td>\n<\/tr>\n<tr>\n<th scope=\"row\">Sast\u0101vs<\/th>\n<td>Att\u012br\u012bta kolag\u0113na pavedieni, kas \u0146emti no atlas\u012btu liellopu seroz\u0101l\u0101 sl\u0101\u0146a, miec\u0113ti ar hroma s\u0101\u013ciem. Izcelsme no valst\u012bm, kas klasific\u0113tas k\u0101 br\u012bvas no GSE.<\/td>\n<\/tr>\n<tr>\n<th scope=\"row\">P\u0101rkl\u0101jums<\/th>\n<td>Nav<\/td>\n<\/tr>\n<tr>\n<th scope=\"row\">Kr\u0101sa<\/th>\n<td>Tum\u0161i br\u016bns<\/td>\n<\/tr>\n<tr>\n<th scope=\"row\">Audu reakcija<\/th>\n<td>M\u0113rens<\/td>\n<\/tr>\n<tr>\n<th scope=\"row\">Absorbcija<\/th>\n<td>Ar fagocitozi. Absorbcijas \u0101trumu pal\u0113nina hromiz\u0101cija. Piln\u012bga masas uzs\u016bk\u0161an\u0101s aptuveni 90 dienu laik\u0101. P\u0113c 14 dien\u0101m paliek aptuveni 50% stiepes iztur\u012bbas. Lietojot infic\u0113tos audos vai audos ar paaugstin\u0101tu proteol\u012btisko enz\u012bmu l\u012bmeni (ku\u0146\u0123\u012b, dzemdes kakl\u0101, makst\u012b), tas \u0101tr\u0101k uzs\u016bcas.<\/td>\n<\/tr>\n<tr>\n<th scope=\"row\">Prezent\u0101cija<\/th>\n<td>Kaste ar 12 \u0161uv\u0113m<\/td>\n<\/tr>\n<\/tbody>\n<\/table>","protected":false},"excerpt":{"rendered":"<p>Type Twisted multifilament with a monofilament appearance Composition Strands of purified collagen taken from the serosal layer of selected bovines,<\/p>","protected":false},"featured_media":4777,"template":"","meta":[],"product_brand":[99],"product_cat":[63,112],"product_tag":[],"class_list":{"0":"post-3760","1":"product","2":"type-product","3":"status-publish","4":"has-post-thumbnail","6":"product_brand-smi","7":"product_cat-smi","8":"product_cat-surgery","10":"first","11":"outofstock","12":"shipping-taxable","13":"purchasable","14":"product-type-simple"},"_links":{"self":[{"href":"https:\/\/goldberg.lv\/lv\/wp-json\/wp\/v2\/product\/3760","targetHints":{"allow":["GET"]}}],"collection":[{"href":"https:\/\/goldberg.lv\/lv\/wp-json\/wp\/v2\/product"}],"about":[{"href":"https:\/\/goldberg.lv\/lv\/wp-json\/wp\/v2\/types\/product"}],"wp:featuredmedia":[{"embeddable":true,"href":"https:\/\/goldberg.lv\/lv\/wp-json\/wp\/v2\/media\/4777"}],"wp:attachment":[{"href":"https:\/\/goldberg.lv\/lv\/wp-json\/wp\/v2\/media?parent=3760"}],"wp:term":[{"taxonomy":"product_brand","embeddable":true,"href":"https:\/\/goldberg.lv\/lv\/wp-json\/wp\/v2\/product_brand?post=3760"},{"taxonomy":"product_cat","embeddable":true,"href":"https:\/\/goldberg.lv\/lv\/wp-json\/wp\/v2\/product_cat?post=3760"},{"taxonomy":"product_tag","embeddable":true,"href":"https:\/\/goldberg.lv\/lv\/wp-json\/wp\/v2\/product_tag?post=3760"}],"curies":[{"name":"wp","href":"https:\/\/api.w.org\/{rel}","templated":true}]}}