{"id":3676,"date":"2025-11-03T15:16:46","date_gmt":"2025-11-03T12:16:46","guid":{"rendered":"https:\/\/goldberg.lv\/shop\/sm-13151519-surgicryl-monofilament-ep-1-5-usp-4-0-needle-3-8-cir-cut-19-mm-75\/"},"modified":"2026-04-15T17:51:15","modified_gmt":"2026-04-15T14:51:15","slug":"sm-13151519-surgicryl-monofilament-ep-1-5-usp-4-0-needle-3-8-cir-cut-19-mm-75","status":"publish","type":"product","link":"https:\/\/goldberg.lv\/lv\/shop\/sm-13151519-surgicryl-monofilament-ep-1-5-usp-4-0-needle-3-8-cir-cut-19-mm-75\/","title":{"rendered":"SM 13151519 SURGICRYL MONOFILAMENT EP 1.5 USP 4\/0 ADATA 3\/8 CIR CUT. 19 MM \/ 75"},"content":{"rendered":"<table class=\"table table-hover mt-4\">\n<tbody>\n<tr>\n<th scope=\"row\">Tips<\/th>\n<td>Mono\u0161\u0137iedra<\/td>\n<\/tr>\n<tr>\n<th scope=\"row\">Sast\u0101vs<\/th>\n<td>Polidioksanons, polim\u0113rs, kas izgatavots no poliestera poli(p-dioksanona)<\/td>\n<\/tr>\n<tr>\n<th scope=\"row\">P\u0101rkl\u0101jums<\/th>\n<td>Nav<\/td>\n<\/tr>\n<tr>\n<th scope=\"row\">Kr\u0101sa<\/th>\n<td>Violeta<\/td>\n<\/tr>\n<tr>\n<th scope=\"row\">Audu reakcija<\/th>\n<td>Minim\u0101ls<\/td>\n<\/tr>\n<tr>\n<th scope=\"row\">Absorbcija<\/th>\n<td>Hidroliz\u0113jo\u0161\u0101s darb\u012bbas rezult\u0101t\u0101 materi\u0101ls sadal\u0101s, un t\u0101 piln\u012bga absorbcija notiek aptuveni 180 l\u012bdz 210 dienu laik\u0101. P\u0113c 42 dien\u0101m paliek aptuveni 50% stiepes iztur\u012bbas.<\/td>\n<\/tr>\n<tr>\n<th scope=\"row\">Prezent\u0101cija<\/th>\n<td>Kaste ar 12 \u0161uv\u0113m<\/td>\n<\/tr>\n<\/tbody>\n<\/table>","protected":false},"excerpt":{"rendered":"<p>Type Monofilament Composition Polydioxanone, a polymer made from polyester poly (p-dioxanone) Coating None Colour Violet Tissue reaction Minimal Absorption The<\/p>","protected":false},"featured_media":0,"template":"","meta":[],"product_brand":[99],"product_cat":[63],"product_tag":[],"class_list":{"0":"post-3676","1":"product","2":"type-product","3":"status-publish","5":"product_brand-smi","6":"product_cat-smi","8":"first","9":"instock","10":"shipping-taxable","11":"purchasable","12":"product-type-simple"},"_links":{"self":[{"href":"https:\/\/goldberg.lv\/lv\/wp-json\/wp\/v2\/product\/3676","targetHints":{"allow":["GET"]}}],"collection":[{"href":"https:\/\/goldberg.lv\/lv\/wp-json\/wp\/v2\/product"}],"about":[{"href":"https:\/\/goldberg.lv\/lv\/wp-json\/wp\/v2\/types\/product"}],"wp:attachment":[{"href":"https:\/\/goldberg.lv\/lv\/wp-json\/wp\/v2\/media?parent=3676"}],"wp:term":[{"taxonomy":"product_brand","embeddable":true,"href":"https:\/\/goldberg.lv\/lv\/wp-json\/wp\/v2\/product_brand?post=3676"},{"taxonomy":"product_cat","embeddable":true,"href":"https:\/\/goldberg.lv\/lv\/wp-json\/wp\/v2\/product_cat?post=3676"},{"taxonomy":"product_tag","embeddable":true,"href":"https:\/\/goldberg.lv\/lv\/wp-json\/wp\/v2\/product_tag?post=3676"}],"curies":[{"name":"wp","href":"https:\/\/api.w.org\/{rel}","templated":true}]}}