{"id":3667,"date":"2025-11-03T15:16:37","date_gmt":"2025-11-03T12:16:37","guid":{"rendered":"https:\/\/goldberg.lv\/shop\/sm-11501536-surgicryl-pga-ep-5-usp-2-needle-3-8-cir-rev-cutting-36-mm-75-cm\/"},"modified":"2026-04-15T16:23:01","modified_gmt":"2026-04-15T13:23:01","slug":"sm-11501536-surgicryl-pga-ep-5-usp-2-needle-3-8-cir-rev-cutting-36-mm-75-cm","status":"publish","type":"product","link":"https:\/\/goldberg.lv\/lv\/shop\/sm-11501536-surgicryl-pga-ep-5-usp-2-needle-3-8-cir-rev-cutting-36-mm-75-cm\/","title":{"rendered":"SM 11501536 SURGICRYL PGA EP 5 USP 2 ADATA 3\/8 CIR REV. GRIE\u0160ANA 36 MM \/ 75 CM"},"content":{"rendered":"<p>Veids:                        P\u012bti un p\u0101rkl\u0101ti daudzpavedieni<\/p>\n<p>Sast\u0101vs:          Poliglikolsk\u0101be<\/p>\n<p>P\u0101rkl\u0101jums:                    Polikaprolaktons un kalcija stear\u0101ts (1%)<\/p>\n<p>Kr\u0101sa:                      Violets \/ B\u0113\u0161s - nekr\u0101sots<\/p>\n<p>Audu reakcija:       Minim\u0101la<\/p>\n<p>Absorbcija:               Hidroliz\u0113jo\u0161\u0101s darb\u012bbas rezult\u0101t\u0101 materi\u0101ls sadal\u0101s, un t\u0101 piln\u012bga uzs\u016bk\u0161an\u0101s notiek aptuveni 60 l\u012bdz 90 dienu laik\u0101. P\u0113c 21 dienas saglab\u0101jas aptuveni 50% stiepes iztur\u012bbas.<\/p>\n<p>Prezent\u0101cija:             Kaste ar 12 \u0161uv\u0113m<\/p>","protected":false},"excerpt":{"rendered":"<p>Type: \u00a0 \u00a0 \u00a0 \u00a0 \u00a0 \u00a0 \u00a0 \u00a0 \u00a0 \u00a0 \u00a0 \u00a0Braided and coated multifilament Composition: \u00a0 \u00a0 \u00a0<\/p>","protected":false},"featured_media":0,"template":"","meta":[],"product_brand":[99],"product_cat":[63],"product_tag":[],"class_list":{"0":"post-3667","1":"product","2":"type-product","3":"status-publish","5":"product_brand-smi","6":"product_cat-smi","8":"first","9":"instock","10":"shipping-taxable","11":"purchasable","12":"product-type-simple"},"_links":{"self":[{"href":"https:\/\/goldberg.lv\/lv\/wp-json\/wp\/v2\/product\/3667","targetHints":{"allow":["GET"]}}],"collection":[{"href":"https:\/\/goldberg.lv\/lv\/wp-json\/wp\/v2\/product"}],"about":[{"href":"https:\/\/goldberg.lv\/lv\/wp-json\/wp\/v2\/types\/product"}],"wp:attachment":[{"href":"https:\/\/goldberg.lv\/lv\/wp-json\/wp\/v2\/media?parent=3667"}],"wp:term":[{"taxonomy":"product_brand","embeddable":true,"href":"https:\/\/goldberg.lv\/lv\/wp-json\/wp\/v2\/product_brand?post=3667"},{"taxonomy":"product_cat","embeddable":true,"href":"https:\/\/goldberg.lv\/lv\/wp-json\/wp\/v2\/product_cat?post=3667"},{"taxonomy":"product_tag","embeddable":true,"href":"https:\/\/goldberg.lv\/lv\/wp-json\/wp\/v2\/product_tag?post=3667"}],"curies":[{"name":"wp","href":"https:\/\/api.w.org\/{rel}","templated":true}]}}