{"id":3655,"date":"2025-11-03T15:16:24","date_gmt":"2025-11-03T12:16:24","guid":{"rendered":"https:\/\/goldberg.lv\/shop\/sm-11151519u-surgicryl-pga-undyed-ep1-5-usp4-0-needle-3-8-cir-rev-cut-19-mm-75-cm\/"},"modified":"2026-04-15T16:22:55","modified_gmt":"2026-04-15T13:22:55","slug":"sm-11151519u-surgicryl-pga-undyed-ep1-5-usp4-0-needle-3-8-cir-rev-cut-19-mm-75-cm","status":"publish","type":"product","link":"https:\/\/goldberg.lv\/lv\/shop\/sm-11151519u-surgicryl-pga-undyed-ep1-5-usp4-0-needle-3-8-cir-rev-cut-19-mm-75-cm\/","title":{"rendered":"SM 11151519U \u0136IRUR\u0122ISK\u0100 \u0136IRUR\u0122ISK\u0100 \u0136IRUR\u0122ISK\u0100 PGA NEKR\u0100SOTA EP1.5 USP4\/0 ADATA 3\/8 AP\u013b. APGRIEZ. GRIEZ. 19 MM\/75 CM"},"content":{"rendered":"","protected":false},"excerpt":{"rendered":"","protected":false},"featured_media":0,"template":"","meta":[],"product_brand":[99],"product_cat":[63],"product_tag":[],"class_list":{"0":"post-3655","1":"product","2":"type-product","3":"status-publish","5":"product_brand-smi","6":"product_cat-smi","8":"first","9":"instock","10":"shipping-taxable","11":"purchasable","12":"product-type-simple"},"_links":{"self":[{"href":"https:\/\/goldberg.lv\/lv\/wp-json\/wp\/v2\/product\/3655","targetHints":{"allow":["GET"]}}],"collection":[{"href":"https:\/\/goldberg.lv\/lv\/wp-json\/wp\/v2\/product"}],"about":[{"href":"https:\/\/goldberg.lv\/lv\/wp-json\/wp\/v2\/types\/product"}],"wp:attachment":[{"href":"https:\/\/goldberg.lv\/lv\/wp-json\/wp\/v2\/media?parent=3655"}],"wp:term":[{"taxonomy":"product_brand","embeddable":true,"href":"https:\/\/goldberg.lv\/lv\/wp-json\/wp\/v2\/product_brand?post=3655"},{"taxonomy":"product_cat","embeddable":true,"href":"https:\/\/goldberg.lv\/lv\/wp-json\/wp\/v2\/product_cat?post=3655"},{"taxonomy":"product_tag","embeddable":true,"href":"https:\/\/goldberg.lv\/lv\/wp-json\/wp\/v2\/product_tag?post=3655"}],"curies":[{"name":"wp","href":"https:\/\/api.w.org\/{rel}","templated":true}]}}