{"id":3653,"date":"2025-11-03T15:16:22","date_gmt":"2025-11-03T12:16:22","guid":{"rendered":"https:\/\/goldberg.lv\/shop\/sm-11151516up-easypass-surgicryl-pga-undyed-ep1-5-usp4-0-nl-3-8cir-rev-cut16mm-50cm\/"},"modified":"2026-04-15T17:51:11","modified_gmt":"2026-04-15T14:51:11","slug":"sm-11151516up-easypass-surgicryl-pga-undyed-ep1-5-usp4-0-nl-3-8cir-rev-cut16mm-50cm","status":"publish","type":"product","link":"https:\/\/goldberg.lv\/lv\/shop\/sm-11151516up-easypass-surgicryl-pga-undyed-ep1-5-usp4-0-nl-3-8cir-rev-cut16mm-50cm\/","title":{"rendered":"SM 1115151516UP EASYPASS \u0136IRUR\u0122ISKAIS \u0136IRUR\u0122ISKAIS \u0136IRUR\u0122ISKAIS PGA NEKR\u0100SOTS EP1.5 USP4\/0 NL 3\/8CIR REV.CUT16MM\/50CM"},"content":{"rendered":"","protected":false},"excerpt":{"rendered":"","protected":false},"featured_media":0,"template":"","meta":[],"product_brand":[99],"product_cat":[63],"product_tag":[],"class_list":{"0":"post-3653","1":"product","2":"type-product","3":"status-publish","5":"product_brand-smi","6":"product_cat-smi","8":"first","9":"outofstock","10":"shipping-taxable","11":"purchasable","12":"product-type-simple"},"_links":{"self":[{"href":"https:\/\/goldberg.lv\/lv\/wp-json\/wp\/v2\/product\/3653","targetHints":{"allow":["GET"]}}],"collection":[{"href":"https:\/\/goldberg.lv\/lv\/wp-json\/wp\/v2\/product"}],"about":[{"href":"https:\/\/goldberg.lv\/lv\/wp-json\/wp\/v2\/types\/product"}],"wp:attachment":[{"href":"https:\/\/goldberg.lv\/lv\/wp-json\/wp\/v2\/media?parent=3653"}],"wp:term":[{"taxonomy":"product_brand","embeddable":true,"href":"https:\/\/goldberg.lv\/lv\/wp-json\/wp\/v2\/product_brand?post=3653"},{"taxonomy":"product_cat","embeddable":true,"href":"https:\/\/goldberg.lv\/lv\/wp-json\/wp\/v2\/product_cat?post=3653"},{"taxonomy":"product_tag","embeddable":true,"href":"https:\/\/goldberg.lv\/lv\/wp-json\/wp\/v2\/product_tag?post=3653"}],"curies":[{"name":"wp","href":"https:\/\/api.w.org\/{rel}","templated":true}]}}