{"id":3631,"date":"2025-11-03T15:15:50","date_gmt":"2025-11-03T12:15:50","guid":{"rendered":"https:\/\/goldberg.lv\/shop\/impressplus-wash-set-2x50ml-tips\/"},"modified":"2026-04-15T17:51:01","modified_gmt":"2026-04-15T14:51:01","slug":"impressplus-wash-set-2x50ml-tips","status":"publish","type":"product","link":"https:\/\/goldberg.lv\/lv\/shop\/impressplus-wash-set-2x50ml-tips\/","title":{"rendered":"ImpressPLUS mazg\u0101\u0161anas komplekts 2x50ml un uzga\u013ci"},"content":{"rendered":"","protected":false},"excerpt":{"rendered":"","protected":false},"featured_media":0,"template":"","meta":[],"product_brand":[95],"product_cat":[62],"product_tag":[],"class_list":{"0":"post-3631","1":"product","2":"type-product","3":"status-publish","5":"product_brand-perfection-plus","6":"product_cat-perfection-plus","8":"first","9":"outofstock","10":"shipping-taxable","11":"purchasable","12":"product-type-simple"},"_links":{"self":[{"href":"https:\/\/goldberg.lv\/lv\/wp-json\/wp\/v2\/product\/3631","targetHints":{"allow":["GET"]}}],"collection":[{"href":"https:\/\/goldberg.lv\/lv\/wp-json\/wp\/v2\/product"}],"about":[{"href":"https:\/\/goldberg.lv\/lv\/wp-json\/wp\/v2\/types\/product"}],"wp:attachment":[{"href":"https:\/\/goldberg.lv\/lv\/wp-json\/wp\/v2\/media?parent=3631"}],"wp:term":[{"taxonomy":"product_brand","embeddable":true,"href":"https:\/\/goldberg.lv\/lv\/wp-json\/wp\/v2\/product_brand?post=3631"},{"taxonomy":"product_cat","embeddable":true,"href":"https:\/\/goldberg.lv\/lv\/wp-json\/wp\/v2\/product_cat?post=3631"},{"taxonomy":"product_tag","embeddable":true,"href":"https:\/\/goldberg.lv\/lv\/wp-json\/wp\/v2\/product_tag?post=3631"}],"curies":[{"name":"wp","href":"https:\/\/api.w.org\/{rel}","templated":true}]}}