{"id":3626,"date":"2025-11-03T15:15:43","date_gmt":"2025-11-03T12:15:43","guid":{"rendered":"https:\/\/goldberg.lv\/shop\/impressplus-chrome-alginate-fast-set-chromatic\/"},"modified":"2026-04-15T16:22:42","modified_gmt":"2026-04-15T13:22:42","slug":"impressplus-chrome-alginate-fast-set-chromatic","status":"publish","type":"product","link":"https:\/\/goldberg.lv\/lv\/shop\/impressplus-chrome-alginate-fast-set-chromatic\/","title":{"rendered":"ImpressPLUS hroma algin\u0101ts, \u0101tri sastingsto\u0161s hromatiskais algin\u0101ts"},"content":{"rendered":"","protected":false},"excerpt":{"rendered":"","protected":false},"featured_media":0,"template":"","meta":[],"product_brand":[95],"product_cat":[62],"product_tag":[],"class_list":{"0":"post-3626","1":"product","2":"type-product","3":"status-publish","5":"product_brand-perfection-plus","6":"product_cat-perfection-plus","8":"first","9":"instock","10":"shipping-taxable","11":"purchasable","12":"product-type-simple"},"_links":{"self":[{"href":"https:\/\/goldberg.lv\/lv\/wp-json\/wp\/v2\/product\/3626","targetHints":{"allow":["GET"]}}],"collection":[{"href":"https:\/\/goldberg.lv\/lv\/wp-json\/wp\/v2\/product"}],"about":[{"href":"https:\/\/goldberg.lv\/lv\/wp-json\/wp\/v2\/types\/product"}],"wp:attachment":[{"href":"https:\/\/goldberg.lv\/lv\/wp-json\/wp\/v2\/media?parent=3626"}],"wp:term":[{"taxonomy":"product_brand","embeddable":true,"href":"https:\/\/goldberg.lv\/lv\/wp-json\/wp\/v2\/product_brand?post=3626"},{"taxonomy":"product_cat","embeddable":true,"href":"https:\/\/goldberg.lv\/lv\/wp-json\/wp\/v2\/product_cat?post=3626"},{"taxonomy":"product_tag","embeddable":true,"href":"https:\/\/goldberg.lv\/lv\/wp-json\/wp\/v2\/product_tag?post=3626"}],"curies":[{"name":"wp","href":"https:\/\/api.w.org\/{rel}","templated":true}]}}