{"id":3621,"date":"2025-11-03T15:15:37","date_gmt":"2025-11-03T12:15:37","guid":{"rendered":"https:\/\/goldberg.lv\/shop\/sch-capo-bulk-fill-plus-20-gr-syringe-incl-10-application-tips\/"},"modified":"2026-04-15T17:50:58","modified_gmt":"2026-04-15T14:50:58","slug":"sch-capo-bulk-fill-plus-20-gr-syringe-incl-10-application-tips","status":"publish","type":"product","link":"https:\/\/goldberg.lv\/lv\/shop\/sch-capo-bulk-fill-plus-20-gr-syringe-incl-10-application-tips\/","title":{"rendered":"SCH Capo Bulk Fill Plus, 2,0 gr \u0161\u013circe, ar 10 uzga\u013ciem"},"content":{"rendered":"<p>Save time with layers of up to 4 mm.<\/p>\n<p>Capo Bulk Fill is a light-curing composite for posterior restorations in the direct filling technique and for the \u201cBulk Fill\u201d-technique. This quick and easy method is suitable for layers with a thickness of up to 4 mm. The stable flow material adapts really well to the bottom and walls of the cavity.<\/p>\n<p>Indications:<\/p>\n<p>Fillings with layer thicknesses of up to 4 mm in Black\u2018s class I cavities.<br \/>\nBase fillings\/liners with layer thicknesses of up to 4mm in Black\u2018s class II cavities. For the final layer in a class II cavity, only use composites which are suited to filling Black\u2018s class II cavities.<br \/>\nCavity lining \u2013 as a first (bottom) layer in Black\u2018s class I and II cavities.<br \/>\nYour benefits:<\/p>\n<p>Biocompatible: 100% free of Bis-GMA, HEMA and TEGDMA<br \/>\nOutstanding physical properties (total filler content ca. 77 % by weight)<br \/>\nExcellent flow behavior<br \/>\nNatural fluorescence<br \/>\nNatural appearance due to a universal dentin shade<br \/>\nNo additional layers are necessary to cover class I cavities.<br \/>\nQuick and easy to work with<br \/>\nEasy to polish<br \/>\nMinimal shrinkage provides for a very safe application<br \/>\nHigh radiopacity (210 % AI) ensures a dependable diagnosis between the filling material and the natural tooth substance<br \/>\nIndependent: compatible with most bonding and composite systems<br \/>\nMade in Germany<\/p>","protected":false},"excerpt":{"rendered":"<p>Save time with layers of up to 4 mm. Capo Bulk Fill is a light-curing composite for posterior restorations in<\/p>","protected":false},"featured_media":5831,"template":"","meta":[],"product_brand":[98],"product_cat":[61,111],"product_tag":[],"class_list":{"0":"post-3621","1":"product","2":"type-product","3":"status-publish","4":"has-post-thumbnail","6":"product_brand-schuetz","7":"product_cat-schuetz","8":"product_cat-therapy","10":"first","11":"instock","12":"shipping-taxable","13":"purchasable","14":"product-type-simple"},"_links":{"self":[{"href":"https:\/\/goldberg.lv\/lv\/wp-json\/wp\/v2\/product\/3621","targetHints":{"allow":["GET"]}}],"collection":[{"href":"https:\/\/goldberg.lv\/lv\/wp-json\/wp\/v2\/product"}],"about":[{"href":"https:\/\/goldberg.lv\/lv\/wp-json\/wp\/v2\/types\/product"}],"wp:featuredmedia":[{"embeddable":true,"href":"https:\/\/goldberg.lv\/lv\/wp-json\/wp\/v2\/media\/5831"}],"wp:attachment":[{"href":"https:\/\/goldberg.lv\/lv\/wp-json\/wp\/v2\/media?parent=3621"}],"wp:term":[{"taxonomy":"product_brand","embeddable":true,"href":"https:\/\/goldberg.lv\/lv\/wp-json\/wp\/v2\/product_brand?post=3621"},{"taxonomy":"product_cat","embeddable":true,"href":"https:\/\/goldberg.lv\/lv\/wp-json\/wp\/v2\/product_cat?post=3621"},{"taxonomy":"product_tag","embeddable":true,"href":"https:\/\/goldberg.lv\/lv\/wp-json\/wp\/v2\/product_tag?post=3621"}],"curies":[{"name":"wp","href":"https:\/\/api.w.org\/{rel}","templated":true}]}}