{"id":3614,"date":"2025-11-03T15:15:29","date_gmt":"2025-11-03T12:15:29","guid":{"rendered":"https:\/\/goldberg.lv\/shop\/ty-k14-bursita-sina\/"},"modified":"2026-04-15T17:50:55","modified_gmt":"2026-04-15T14:50:55","slug":"ty-k14-bursita-sina","status":"publish","type":"product","link":"https:\/\/goldberg.lv\/lv\/shop\/ty-k14-bursita-sina\/","title":{"rendered":"TY K14 Burs\u012bta \u0161ina"},"content":{"rendered":"<p>Paredz\u0113ti liel\u0101 pirksta pirksta Hallux Valgus deform\u0101cijas kori\u0123\u0113\u0161anai. Valk\u0101jot pirksts tiek izstiepts p\u0101r\u0101k korekt\u0101 poz\u012bcij\u0101, k\u0101 rezult\u0101t\u0101 tiek pagarin\u0101ti m\u012bkstie audi ap lielo pirkstu; nepareiz\u0101 poz\u012bcija laika gait\u0101 tiek kori\u0123\u0113ta. Ier\u012bci var n\u0113s\u0101t ar\u012b k\u0101 p\u0113coper\u0101cijas pal\u012bgl\u012bdzekli p\u0113c \u012bk\u0161\u0137a oper\u0101cijas, lai stabiliz\u0113tu kori\u0123\u0113to izl\u012bdzin\u0101jumu.<\/p>","protected":false},"excerpt":{"rendered":"<p>Designed to correct the Hallux Valgus deformity of the big toe. On wearing, the toe is stretched in an overcorrected<\/p>","protected":false},"featured_media":4562,"template":"","meta":[],"product_brand":[104],"product_cat":[60],"product_tag":[],"class_list":{"0":"post-3614","1":"product","2":"type-product","3":"status-publish","4":"has-post-thumbnail","6":"product_brand-tynor","7":"product_cat-tynor","9":"first","10":"instock","11":"shipping-taxable","12":"purchasable","13":"product-type-simple"},"_links":{"self":[{"href":"https:\/\/goldberg.lv\/lv\/wp-json\/wp\/v2\/product\/3614","targetHints":{"allow":["GET"]}}],"collection":[{"href":"https:\/\/goldberg.lv\/lv\/wp-json\/wp\/v2\/product"}],"about":[{"href":"https:\/\/goldberg.lv\/lv\/wp-json\/wp\/v2\/types\/product"}],"wp:featuredmedia":[{"embeddable":true,"href":"https:\/\/goldberg.lv\/lv\/wp-json\/wp\/v2\/media\/4562"}],"wp:attachment":[{"href":"https:\/\/goldberg.lv\/lv\/wp-json\/wp\/v2\/media?parent=3614"}],"wp:term":[{"taxonomy":"product_brand","embeddable":true,"href":"https:\/\/goldberg.lv\/lv\/wp-json\/wp\/v2\/product_brand?post=3614"},{"taxonomy":"product_cat","embeddable":true,"href":"https:\/\/goldberg.lv\/lv\/wp-json\/wp\/v2\/product_cat?post=3614"},{"taxonomy":"product_tag","embeddable":true,"href":"https:\/\/goldberg.lv\/lv\/wp-json\/wp\/v2\/product_tag?post=3614"}],"curies":[{"name":"wp","href":"https:\/\/api.w.org\/{rel}","templated":true}]}}