{"id":3608,"date":"2025-11-03T15:15:22","date_gmt":"2025-11-03T12:15:22","guid":{"rendered":"https:\/\/goldberg.lv\/shop\/ty-i69-d-v-t-zekes-augsstilbam-paris\/"},"modified":"2026-04-15T16:22:34","modified_gmt":"2026-04-15T13:22:34","slug":"ty-i69-d-v-t-zekes-augsstilbam-paris","status":"publish","type":"product","link":"https:\/\/goldberg.lv\/lv\/shop\/ty-i69-d-v-t-zekes-augsstilbam-paris\/","title":{"rendered":"TY I69 D.V.T. Ze\u0137es aug\u0161stilbam (p\u0101ris)"},"content":{"rendered":"","protected":false},"excerpt":{"rendered":"","protected":false},"featured_media":5987,"template":"","meta":[],"product_brand":[104],"product_cat":[60],"product_tag":[],"class_list":{"0":"post-3608","1":"product","2":"type-product","3":"status-publish","4":"has-post-thumbnail","6":"product_brand-tynor","7":"product_cat-tynor","9":"first","10":"instock","11":"shipping-taxable","12":"purchasable","13":"product-type-simple"},"_links":{"self":[{"href":"https:\/\/goldberg.lv\/lv\/wp-json\/wp\/v2\/product\/3608","targetHints":{"allow":["GET"]}}],"collection":[{"href":"https:\/\/goldberg.lv\/lv\/wp-json\/wp\/v2\/product"}],"about":[{"href":"https:\/\/goldberg.lv\/lv\/wp-json\/wp\/v2\/types\/product"}],"wp:featuredmedia":[{"embeddable":true,"href":"https:\/\/goldberg.lv\/lv\/wp-json\/wp\/v2\/media\/5987"}],"wp:attachment":[{"href":"https:\/\/goldberg.lv\/lv\/wp-json\/wp\/v2\/media?parent=3608"}],"wp:term":[{"taxonomy":"product_brand","embeddable":true,"href":"https:\/\/goldberg.lv\/lv\/wp-json\/wp\/v2\/product_brand?post=3608"},{"taxonomy":"product_cat","embeddable":true,"href":"https:\/\/goldberg.lv\/lv\/wp-json\/wp\/v2\/product_cat?post=3608"},{"taxonomy":"product_tag","embeddable":true,"href":"https:\/\/goldberg.lv\/lv\/wp-json\/wp\/v2\/product_tag?post=3608"}],"curies":[{"name":"wp","href":"https:\/\/api.w.org\/{rel}","templated":true}]}}