{"id":3607,"date":"2025-11-03T15:15:21","date_gmt":"2025-11-03T12:15:21","guid":{"rendered":"https:\/\/goldberg.lv\/shop\/ty-i16-kompresijas-zekbikses-zem-cela-classic-paris-l\/"},"modified":"2026-04-02T09:19:05","modified_gmt":"2026-04-02T06:19:05","slug":"ty-i16-kompresijas-zekbikses-zem-cela-classic-paris-l","status":"publish","type":"product","link":"https:\/\/goldberg.lv\/lv\/shop\/ty-i16-kompresijas-zekbikses-zem-cela-classic-paris-l\/","title":{"rendered":"TY I16 Kompresijas ze\u0137bikses zem ce\u013ca Classic (p\u0101ris) L"},"content":{"rendered":"","protected":false},"excerpt":{"rendered":"","protected":false},"featured_media":5987,"template":"","meta":[],"product_brand":[104],"product_cat":[60],"product_tag":[],"class_list":{"0":"post-3607","1":"product","2":"type-product","3":"status-publish","4":"has-post-thumbnail","6":"product_brand-tynor","7":"product_cat-tynor","9":"first","10":"instock","11":"shipping-taxable","12":"purchasable","13":"product-type-simple"},"_links":{"self":[{"href":"https:\/\/goldberg.lv\/lv\/wp-json\/wp\/v2\/product\/3607","targetHints":{"allow":["GET"]}}],"collection":[{"href":"https:\/\/goldberg.lv\/lv\/wp-json\/wp\/v2\/product"}],"about":[{"href":"https:\/\/goldberg.lv\/lv\/wp-json\/wp\/v2\/types\/product"}],"wp:featuredmedia":[{"embeddable":true,"href":"https:\/\/goldberg.lv\/lv\/wp-json\/wp\/v2\/media\/5987"}],"wp:attachment":[{"href":"https:\/\/goldberg.lv\/lv\/wp-json\/wp\/v2\/media?parent=3607"}],"wp:term":[{"taxonomy":"product_brand","embeddable":true,"href":"https:\/\/goldberg.lv\/lv\/wp-json\/wp\/v2\/product_brand?post=3607"},{"taxonomy":"product_cat","embeddable":true,"href":"https:\/\/goldberg.lv\/lv\/wp-json\/wp\/v2\/product_cat?post=3607"},{"taxonomy":"product_tag","embeddable":true,"href":"https:\/\/goldberg.lv\/lv\/wp-json\/wp\/v2\/product_tag?post=3607"}],"curies":[{"name":"wp","href":"https:\/\/api.w.org\/{rel}","templated":true}]}}