{"id":3591,"date":"2025-11-03T15:14:55","date_gmt":"2025-11-03T12:14:55","guid":{"rendered":"https:\/\/goldberg.lv\/shop\/ty-d19-ortoze-cela-skriemela-cipslas-atbalstam\/"},"modified":"2026-04-15T17:50:50","modified_gmt":"2026-04-15T14:50:50","slug":"ty-d19-ortoze-cela-skriemela-cipslas-atbalstam","status":"publish","type":"product","link":"https:\/\/goldberg.lv\/lv\/shop\/ty-d19-ortoze-cela-skriemela-cipslas-atbalstam\/","title":{"rendered":"TY D19 Ortoze ce\u013ca skrieme\u013ca c\u012bpslas atbalstam"},"content":{"rendered":"","protected":false},"excerpt":{"rendered":"","protected":false},"featured_media":6016,"template":"","meta":[],"product_brand":[104],"product_cat":[60],"product_tag":[],"class_list":{"0":"post-3591","1":"product","2":"type-product","3":"status-publish","4":"has-post-thumbnail","6":"product_brand-tynor","7":"product_cat-tynor","9":"first","10":"instock","11":"shipping-taxable","12":"purchasable","13":"product-type-simple"},"_links":{"self":[{"href":"https:\/\/goldberg.lv\/lv\/wp-json\/wp\/v2\/product\/3591","targetHints":{"allow":["GET"]}}],"collection":[{"href":"https:\/\/goldberg.lv\/lv\/wp-json\/wp\/v2\/product"}],"about":[{"href":"https:\/\/goldberg.lv\/lv\/wp-json\/wp\/v2\/types\/product"}],"wp:featuredmedia":[{"embeddable":true,"href":"https:\/\/goldberg.lv\/lv\/wp-json\/wp\/v2\/media\/6016"}],"wp:attachment":[{"href":"https:\/\/goldberg.lv\/lv\/wp-json\/wp\/v2\/media?parent=3591"}],"wp:term":[{"taxonomy":"product_brand","embeddable":true,"href":"https:\/\/goldberg.lv\/lv\/wp-json\/wp\/v2\/product_brand?post=3591"},{"taxonomy":"product_cat","embeddable":true,"href":"https:\/\/goldberg.lv\/lv\/wp-json\/wp\/v2\/product_cat?post=3591"},{"taxonomy":"product_tag","embeddable":true,"href":"https:\/\/goldberg.lv\/lv\/wp-json\/wp\/v2\/product_tag?post=3591"}],"curies":[{"name":"wp","href":"https:\/\/api.w.org\/{rel}","templated":true}]}}