{"id":3589,"date":"2025-11-03T15:14:53","date_gmt":"2025-11-03T12:14:53","guid":{"rendered":"https:\/\/goldberg.lv\/shop\/ty-d09-stabilizejosa-ortoze-cela-locitavai\/"},"modified":"2026-04-02T11:10:06","modified_gmt":"2026-04-02T08:10:06","slug":"ty-d09-stabilizejosa-ortoze-cela-locitavai","status":"publish","type":"product","link":"https:\/\/goldberg.lv\/lv\/shop\/ty-d09-stabilizejosa-ortoze-cela-locitavai\/","title":{"rendered":"TY D09 Stabiliz\u0113jo\u0161\u0101 ortoze ce\u013ca loc\u012btavai"},"content":{"rendered":"","protected":false},"excerpt":{"rendered":"","protected":false},"featured_media":6018,"template":"","meta":[],"product_brand":[104],"product_cat":[60],"product_tag":[],"class_list":{"0":"post-3589","1":"product","2":"type-product","3":"status-publish","4":"has-post-thumbnail","6":"product_brand-tynor","7":"product_cat-tynor","9":"first","10":"instock","11":"shipping-taxable","12":"purchasable","13":"product-type-simple"},"_links":{"self":[{"href":"https:\/\/goldberg.lv\/lv\/wp-json\/wp\/v2\/product\/3589","targetHints":{"allow":["GET"]}}],"collection":[{"href":"https:\/\/goldberg.lv\/lv\/wp-json\/wp\/v2\/product"}],"about":[{"href":"https:\/\/goldberg.lv\/lv\/wp-json\/wp\/v2\/types\/product"}],"wp:featuredmedia":[{"embeddable":true,"href":"https:\/\/goldberg.lv\/lv\/wp-json\/wp\/v2\/media\/6018"}],"wp:attachment":[{"href":"https:\/\/goldberg.lv\/lv\/wp-json\/wp\/v2\/media?parent=3589"}],"wp:term":[{"taxonomy":"product_brand","embeddable":true,"href":"https:\/\/goldberg.lv\/lv\/wp-json\/wp\/v2\/product_brand?post=3589"},{"taxonomy":"product_cat","embeddable":true,"href":"https:\/\/goldberg.lv\/lv\/wp-json\/wp\/v2\/product_cat?post=3589"},{"taxonomy":"product_tag","embeddable":true,"href":"https:\/\/goldberg.lv\/lv\/wp-json\/wp\/v2\/product_tag?post=3589"}],"curies":[{"name":"wp","href":"https:\/\/api.w.org\/{rel}","templated":true}]}}