{"id":3568,"date":"2025-11-03T15:14:09","date_gmt":"2025-11-03T12:14:09","guid":{"rendered":"https:\/\/goldberg.lv\/shop\/ty-405-plaukstas-locitavas-atbalsts-ar-ikska-cilpu-neo\/"},"modified":"2026-04-15T17:50:48","modified_gmt":"2026-04-15T14:50:48","slug":"ty-405-plaukstas-locitavas-atbalsts-ar-ikska-cilpu-neo","status":"publish","type":"product","link":"https:\/\/goldberg.lv\/lv\/shop\/ty-405-plaukstas-locitavas-atbalsts-ar-ikska-cilpu-neo\/","title":{"rendered":"TY 405 Plaukstas loc\u012btavas atbalsts ar \u012aK\u0160\u0136A CILPU (NEO)"},"content":{"rendered":"","protected":false},"excerpt":{"rendered":"","protected":false},"featured_media":6039,"template":"","meta":[],"product_brand":[104],"product_cat":[60],"product_tag":[],"class_list":{"0":"post-3568","1":"product","2":"type-product","3":"status-publish","4":"has-post-thumbnail","6":"product_brand-tynor","7":"product_cat-tynor","9":"first","10":"outofstock","11":"shipping-taxable","12":"purchasable","13":"product-type-simple"},"_links":{"self":[{"href":"https:\/\/goldberg.lv\/lv\/wp-json\/wp\/v2\/product\/3568","targetHints":{"allow":["GET"]}}],"collection":[{"href":"https:\/\/goldberg.lv\/lv\/wp-json\/wp\/v2\/product"}],"about":[{"href":"https:\/\/goldberg.lv\/lv\/wp-json\/wp\/v2\/types\/product"}],"wp:featuredmedia":[{"embeddable":true,"href":"https:\/\/goldberg.lv\/lv\/wp-json\/wp\/v2\/media\/6039"}],"wp:attachment":[{"href":"https:\/\/goldberg.lv\/lv\/wp-json\/wp\/v2\/media?parent=3568"}],"wp:term":[{"taxonomy":"product_brand","embeddable":true,"href":"https:\/\/goldberg.lv\/lv\/wp-json\/wp\/v2\/product_brand?post=3568"},{"taxonomy":"product_cat","embeddable":true,"href":"https:\/\/goldberg.lv\/lv\/wp-json\/wp\/v2\/product_cat?post=3568"},{"taxonomy":"product_tag","embeddable":true,"href":"https:\/\/goldberg.lv\/lv\/wp-json\/wp\/v2\/product_tag?post=3568"}],"curies":[{"name":"wp","href":"https:\/\/api.w.org\/{rel}","templated":true}]}}