{"id":3562,"date":"2025-11-03T15:13:51","date_gmt":"2025-11-03T12:13:51","guid":{"rendered":"https:\/\/goldberg.lv\/shop\/ty-202-potites-parsejs-air-pro\/"},"modified":"2025-11-04T19:01:29","modified_gmt":"2025-11-04T16:01:29","slug":"ty-202-potites-parsejs-air-pro","status":"publish","type":"product","link":"https:\/\/goldberg.lv\/lv\/shop\/ty-202-potites-parsejs-air-pro\/","title":{"rendered":"TY 202 Pot\u012btes p\u0101rs\u0113js AIR PRO"},"content":{"rendered":"","protected":false},"excerpt":{"rendered":"","protected":false},"featured_media":0,"template":"","meta":[],"product_brand":[104],"product_cat":[60],"product_tag":[],"class_list":{"0":"post-3562","1":"product","2":"type-product","3":"status-publish","5":"product_brand-tynor","6":"product_cat-tynor","8":"first","9":"instock","10":"shipping-taxable","11":"purchasable","12":"product-type-simple"},"_links":{"self":[{"href":"https:\/\/goldberg.lv\/lv\/wp-json\/wp\/v2\/product\/3562","targetHints":{"allow":["GET"]}}],"collection":[{"href":"https:\/\/goldberg.lv\/lv\/wp-json\/wp\/v2\/product"}],"about":[{"href":"https:\/\/goldberg.lv\/lv\/wp-json\/wp\/v2\/types\/product"}],"wp:attachment":[{"href":"https:\/\/goldberg.lv\/lv\/wp-json\/wp\/v2\/media?parent=3562"}],"wp:term":[{"taxonomy":"product_brand","embeddable":true,"href":"https:\/\/goldberg.lv\/lv\/wp-json\/wp\/v2\/product_brand?post=3562"},{"taxonomy":"product_cat","embeddable":true,"href":"https:\/\/goldberg.lv\/lv\/wp-json\/wp\/v2\/product_cat?post=3562"},{"taxonomy":"product_tag","embeddable":true,"href":"https:\/\/goldberg.lv\/lv\/wp-json\/wp\/v2\/product_tag?post=3562"}],"curies":[{"name":"wp","href":"https:\/\/api.w.org\/{rel}","templated":true}]}}