{"id":3548,"date":"2025-11-03T15:13:21","date_gmt":"2025-11-03T12:13:21","guid":{"rendered":"https:\/\/goldberg.lv\/shop\/c02-x-curing-light-x-model-black\/"},"modified":"2026-04-15T16:22:19","modified_gmt":"2026-04-15T13:22:19","slug":"c02-x-curing-light-x-model-black","status":"publish","type":"product","link":"https:\/\/goldberg.lv\/lv\/shop\/c02-x-curing-light-x-model-black\/","title":{"rendered":"C02-X Curing Light X modelis Black"},"content":{"rendered":"<h3>C02-X LED cietin\u0101\u0161anas gaisma ar 10 mm tie\u0161\u0101s gaismas avota galvi\u0146u<\/h3>\n<ul>\n<li><strong>4 re\u017e\u012bmi:<\/strong>\n<ul>\n<li>Pilna: 1200mW\/cm\u00b2 10 sekundes \u00b1 10%<\/li>\n<li>M\u012bksta cietin\u0101\u0161ana: 0-5 sekundes no 900mW\/cm\u00b2 \u00b1 10%, 5-20 sekundes 900mW\/cm\u00b2 \u00b1 10%.<\/li>\n<li>Turbo: 2500mW\/cm\u00b2 uz 4 sekund\u0113m \u00b1 10%<\/li>\n<li>Rampas: 0-5 sekundes no 0 l\u012bdz 1200mW\/cm\u00b2 \u00b1 10%, 5-20 sekundes 1200mW\/cm\u00b2 \u00b1 10%.<\/li>\n<\/ul>\n<\/li>\n<li>Divu vi\u013c\u0146u garums: vair\u0101ki vi\u013c\u0146u garumi 390 ~ 430 nm | 440 ~ 480 nm, lai iz\u0101rst\u0113tu liel\u0101ko da\u013cu tirg\u016b pieejamo produktu.<\/li>\n<li>Zema profila ner\u016bs\u0113jo\u0161\u0101 t\u0113rauda tie\u0161\u0101 gaismas avota galva (10 mm diametrs)<\/li>\n<li>R\u016bd\u012bta stikla objekt\u012bvs ar kolim\u0113tu vienm\u0113r\u012bgu gaismas staru, kas nodro\u0161ina lab\u0101ku cietin\u0101\u0161anas veiktsp\u0113ju.<\/li>\n<li>Gaismas vadotni var pagriezt par 360\u00ba<\/li>\n<li>Vienk\u0101r\u0161ie, intuit\u012bvie re\u017e\u012bmi ar iepriek\u0161 iestat\u012btu konserv\u0113\u0161anas laiku \u013cauj \u0101tri un efekt\u012bvi izmantot, l\u012bdz minimumam samazinot kr\u0113sla laiku un maksim\u0101li palielinot produktivit\u0101ti.<\/li>\n<li>Gluda uzga\u013ca virsma uzlabotai infekciju kontrolei, samazinot krustenisk\u0101s kontamin\u0101cijas risku.<\/li>\n<li>24 m\u0113ne\u0161u garantija<\/li>\n<\/ul>\n<p><strong>Pieejams:\u00a0<\/strong><\/p>\n<ul>\n<li>Melna, zila, gai\u0161i zila, gai\u0161i za\u013ca, gai\u0161i lavandas, roz\u0101 un balta kr\u0101sa.<\/li>\n<\/ul>","protected":false},"excerpt":{"rendered":"<p>C02-X LED Curing Light with 10mm Direct Light Source Head 4 modes: Full: 1,200mW\/cm\u00b2 for 10 seconds \u00b1 10% Soft<\/p>","protected":false},"featured_media":5154,"template":"","meta":[],"product_brand":[96],"product_cat":[59],"product_tag":[],"class_list":{"0":"post-3548","1":"product","2":"type-product","3":"status-publish","4":"has-post-thumbnail","6":"product_brand-premium-plus-poland","7":"product_cat-premium-plus-poland","9":"first","10":"instock","11":"shipping-taxable","12":"purchasable","13":"product-type-simple"},"_links":{"self":[{"href":"https:\/\/goldberg.lv\/lv\/wp-json\/wp\/v2\/product\/3548","targetHints":{"allow":["GET"]}}],"collection":[{"href":"https:\/\/goldberg.lv\/lv\/wp-json\/wp\/v2\/product"}],"about":[{"href":"https:\/\/goldberg.lv\/lv\/wp-json\/wp\/v2\/types\/product"}],"wp:featuredmedia":[{"embeddable":true,"href":"https:\/\/goldberg.lv\/lv\/wp-json\/wp\/v2\/media\/5154"}],"wp:attachment":[{"href":"https:\/\/goldberg.lv\/lv\/wp-json\/wp\/v2\/media?parent=3548"}],"wp:term":[{"taxonomy":"product_brand","embeddable":true,"href":"https:\/\/goldberg.lv\/lv\/wp-json\/wp\/v2\/product_brand?post=3548"},{"taxonomy":"product_cat","embeddable":true,"href":"https:\/\/goldberg.lv\/lv\/wp-json\/wp\/v2\/product_cat?post=3548"},{"taxonomy":"product_tag","embeddable":true,"href":"https:\/\/goldberg.lv\/lv\/wp-json\/wp\/v2\/product_tag?post=3548"}],"curies":[{"name":"wp","href":"https:\/\/api.w.org\/{rel}","templated":true}]}}