{"id":3545,"date":"2025-11-03T15:13:13","date_gmt":"2025-11-03T12:13:13","guid":{"rendered":"https:\/\/goldberg.lv\/shop\/c02-d-curing-light-dual-range-90-right-angle-black\/"},"modified":"2026-02-19T02:00:02","modified_gmt":"2026-02-18T23:00:02","slug":"c02-d-curing-light-dual-range-90-right-angle-black","status":"publish","type":"product","link":"https:\/\/goldberg.lv\/lv\/shop\/c02-d-curing-light-dual-range-90-right-angle-black\/","title":{"rendered":"C02-D Curing Light Dual Range 90 Right Pink"},"content":{"rendered":"<h3>C02-D LED Curing Light 90\u00b0 taisn\u0101 le\u0146\u0137a tie\u0161\u0101s gaismas avota galva ar dubulto vi\u013c\u0146u garumu<\/h3>\n<ul>\n<li>Modelis - C02- D (divu diapazonu)<\/li>\n<li>Tie\u0161\u0101s gaismas galva - 10 mm (dia)<\/li>\n<li>Gaismas vi\u013c\u0146a garums - 390~430nm\/440~480nm (divu vi\u013c\u0146u garums \u013cauj ier\u012bcei saciet\u0113t visus \u0161obr\u012bd tirg\u016b pieejamos kompoz\u012btmateri\u0101lus).<\/li>\n<li>Pielietojums - ortogr\u0101fija \/ visp\u0101r\u0113j\u0101 medic\u012bna<\/li>\n<li>Re\u017e\u012bmi:\n<ul>\n<li>Tack - 2000 mW\/cm2 uz 1 sekundi \u00b110%<\/li>\n<li>Turbo - 2500 mW\/cm2 uz 3 sekund\u0113m \u00b1 10%<\/li>\n<li>3\u2032 + 3\u2032 - 2000 mW\/cm2 3 + 3 sekundes \u00b110% (ar 1 sekundes mirk\u0161\u0137in\u0101\u0161anu starplaik\u0101)<\/li>\n<li>6\u2032 + 6\u2032 - 1500 mW\/cm2 6 + 6 sekundes \u00b110% (ar 1 sekundes mirk\u0161\u0137in\u0101\u0161anu starp t\u0101m).<\/li>\n<li>Pilna - 1 200 mW\/cm2 5, 10, 15, 20 sekundes \u00b1 10%<\/li>\n<li>Rampa - pirm\u0101s piecas sekundes no 0 l\u012bdz 1200 mW\/cm2, n\u0101kam\u0101s 5, 10, 15, 20 sekundes 1200 mW\/cm2 \u00b1 10%<\/li>\n<li>Soft Cure - pirm\u0101s piecas sekundes no 0 - 900 mW\/cm2, n\u0101kam\u0101s 5, 10, 15, 20, 25 sekundes 900 mW\/cm2 \u00b1 10<\/li>\n<\/ul>\n<\/li>\n<li>C02 komplekts ar ieb\u016bv\u0113tu gaismas intensit\u0101tes indikatoru<\/li>\n<li>Piln\u012bb\u0101 p\u0101rkl\u0101ts membr\u0101nas panelis \u0113rtai t\u012br\u012b\u0161anai un infekciju kontrolei<\/li>\n<li>Piln\u012bb\u0101 uzl\u0101d\u0113tu akumulatoru var izmantot vair\u0101k nek\u0101 100 rei\u017eu, ja iestat\u012bts 10 sekun\u017eu laika re\u017e\u012bms.<\/li>\n<li>24 m\u0113ne\u0161u garantija<\/li>\n<li>Sader\u012bgs ar m\u016bsu <a href=\"https:\/\/www.premiumplusuk.com\/product\/125-intraoral-camera-ra-curing-light-sleeves\/\">125<\/a> vieglas piedurknes<\/li>\n<\/ul>\n<p><strong>Pieejamas rezerves da\u013cas:<\/strong><\/p>\n<ul>\n<li><a href=\"https:\/\/www.premiumplusuk.com\/product\/replacement-direct-light-source-head-for-c02-c-c02-s-c02-d\/\">C02-D-1<\/a> (Dual Range) Tie\u0161\u0101 gaismas avota galva<\/li>\n<li>C01\/2-1 Rezerves akumulators<\/li>\n<\/ul>\n<p><strong>Pieejams:\u00a0<\/strong><\/p>\n<ul>\n<li>Melna, zila, gai\u0161i zila, gai\u0161i za\u013ca, gai\u0161i lavandas, oran\u017ea, roz\u0101, balta un dzeltena kr\u0101sa.<\/li>\n<\/ul>","protected":false},"excerpt":{"rendered":"<p>C02-D LED Curing Light 90\u00b0 Right Angle Direct Light Source Head with Dual Wavelength Model \u2013 C02- D\u00a0(Dual Range) Direct<\/p>","protected":false},"featured_media":5156,"template":"","meta":[],"product_brand":[96],"product_cat":[59],"product_tag":[],"class_list":{"0":"post-3545","1":"product","2":"type-product","3":"status-publish","4":"has-post-thumbnail","6":"product_brand-premium-plus-poland","7":"product_cat-premium-plus-poland","9":"first","10":"instock","11":"shipping-taxable","12":"purchasable","13":"product-type-simple"},"_links":{"self":[{"href":"https:\/\/goldberg.lv\/lv\/wp-json\/wp\/v2\/product\/3545","targetHints":{"allow":["GET"]}}],"collection":[{"href":"https:\/\/goldberg.lv\/lv\/wp-json\/wp\/v2\/product"}],"about":[{"href":"https:\/\/goldberg.lv\/lv\/wp-json\/wp\/v2\/types\/product"}],"wp:featuredmedia":[{"embeddable":true,"href":"https:\/\/goldberg.lv\/lv\/wp-json\/wp\/v2\/media\/5156"}],"wp:attachment":[{"href":"https:\/\/goldberg.lv\/lv\/wp-json\/wp\/v2\/media?parent=3545"}],"wp:term":[{"taxonomy":"product_brand","embeddable":true,"href":"https:\/\/goldberg.lv\/lv\/wp-json\/wp\/v2\/product_brand?post=3545"},{"taxonomy":"product_cat","embeddable":true,"href":"https:\/\/goldberg.lv\/lv\/wp-json\/wp\/v2\/product_cat?post=3545"},{"taxonomy":"product_tag","embeddable":true,"href":"https:\/\/goldberg.lv\/lv\/wp-json\/wp\/v2\/product_tag?post=3545"}],"curies":[{"name":"wp","href":"https:\/\/api.w.org\/{rel}","templated":true}]}}