{"id":3539,"date":"2025-11-03T15:13:05","date_gmt":"2025-11-03T12:13:05","guid":{"rendered":"https:\/\/goldberg.lv\/shop\/c01-m-curing-light-mini-black\/"},"modified":"2026-04-15T16:22:14","modified_gmt":"2026-04-15T13:22:14","slug":"c01-m-curing-light-mini-black","status":"publish","type":"product","link":"https:\/\/goldberg.lv\/lv\/shop\/c01-m-curing-light-mini-black\/","title":{"rendered":"C01-M Curing Light Mini Black"},"content":{"rendered":"<h3>C01-M Mini LED cietin\u0101\u0161anas gaisma ar 8 mm optisk\u0101s \u0161\u0137iedras gaismas vad\u012bt\u0101ju<\/h3>\n<ul>\n<li>\n<div class=\"ellip\">360\u00b0 rot\u0113jo\u0161i uzga\u013ci<\/div>\n<\/li>\n<li>Autom\u0101tisk\u0101 kompens\u0101cijas sh\u0113ma konstantas izejas jaudas nodro\u0161in\u0101\u0161anai<\/li>\n<li>Piln\u012bb\u0101 p\u0101rkl\u0101ts membr\u0101nas panelis \u0113rtai t\u012br\u012b\u0161anai un infekciju kontrolei<\/li>\n<li>Mazs svars - aptuveni 85 g<\/li>\n<li>12 darb\u012bbas laiki<\/li>\n<li>Piln\u012bb\u0101 uzl\u0101d\u0113ts akumulators nodro\u0161ina vair\u0101k nek\u0101 100 x 10 sekundes ilgus vulkaniz\u0101cijas ciklus.<\/li>\n<li>USB Type-C uzl\u0101de<\/li>\n<li>Modelis - C01-M (Mini)<\/li>\n<li>F.O. gaismas vadotne - 8 mm (dia)<\/li>\n<li>Gaismas vi\u013c\u0146a garums - 440 ~ 480 nm<\/li>\n<li>Pieteikums - visp\u0101r\u012bgi<\/li>\n<li>Re\u017e\u012bmi:\n<ul>\n<li>Pilna - 1200 mW\/cm<sup>2<\/sup> 5, 10, 15, 20 sekundes \u00b1 10%<\/li>\n<li>M\u012bkst\u0101 \u0101rst\u0113\u0161ana - 1<sup>st<\/sup> piecas sekundes no 0 - 900 mW\/cm<sup>2<\/sup>, n\u0101kam\u0101s 5, 10, 15, 20, 25 sekundes 900 mW\/cm<sup>2<\/sup> \u00b1 10<\/li>\n<\/ul>\n<\/li>\n<li>24 m\u0113ne\u0161u garantija<\/li>\n<li>Sader\u012bgs ar m\u016bsu <a href=\"https:\/\/www.premiumplusuk.com\/product\/123-pen-type-curing-light-sleeves\/\">228<\/a> konserv\u0113\u0161anas gaismas uzmavas<\/li>\n<\/ul>","protected":false},"excerpt":{"rendered":"<p>C01-M Mini LED Curing Light with 8mm Fibre Optic Light Guide 360\u00b0 Rotatable tips Automatic compensation circuit for constant power<\/p>","protected":false},"featured_media":5160,"template":"","meta":[],"product_brand":[96],"product_cat":[59],"product_tag":[],"class_list":{"0":"post-3539","1":"product","2":"type-product","3":"status-publish","4":"has-post-thumbnail","6":"product_brand-premium-plus-poland","7":"product_cat-premium-plus-poland","9":"first","10":"instock","11":"shipping-taxable","12":"purchasable","13":"product-type-simple"},"_links":{"self":[{"href":"https:\/\/goldberg.lv\/lv\/wp-json\/wp\/v2\/product\/3539","targetHints":{"allow":["GET"]}}],"collection":[{"href":"https:\/\/goldberg.lv\/lv\/wp-json\/wp\/v2\/product"}],"about":[{"href":"https:\/\/goldberg.lv\/lv\/wp-json\/wp\/v2\/types\/product"}],"wp:featuredmedia":[{"embeddable":true,"href":"https:\/\/goldberg.lv\/lv\/wp-json\/wp\/v2\/media\/5160"}],"wp:attachment":[{"href":"https:\/\/goldberg.lv\/lv\/wp-json\/wp\/v2\/media?parent=3539"}],"wp:term":[{"taxonomy":"product_brand","embeddable":true,"href":"https:\/\/goldberg.lv\/lv\/wp-json\/wp\/v2\/product_brand?post=3539"},{"taxonomy":"product_cat","embeddable":true,"href":"https:\/\/goldberg.lv\/lv\/wp-json\/wp\/v2\/product_cat?post=3539"},{"taxonomy":"product_tag","embeddable":true,"href":"https:\/\/goldberg.lv\/lv\/wp-json\/wp\/v2\/product_tag?post=3539"}],"curies":[{"name":"wp","href":"https:\/\/api.w.org\/{rel}","templated":true}]}}