{"id":3536,"date":"2025-11-03T15:13:01","date_gmt":"2025-11-03T12:13:01","guid":{"rendered":"https:\/\/goldberg.lv\/shop\/c01-s-d-1-11mm-fibre-optic-light-guide\/"},"modified":"2026-04-15T16:22:12","modified_gmt":"2026-04-15T13:22:12","slug":"c01-s-d-1-11mm-fibre-optic-light-guide","status":"publish","type":"product","link":"https:\/\/goldberg.lv\/lv\/shop\/c01-s-d-1-11mm-fibre-optic-light-guide\/","title":{"rendered":"C01-S\/D-1 11 mm optisk\u0101s \u0161\u0137iedras gaismas vads"},"content":{"rendered":"","protected":false},"excerpt":{"rendered":"","protected":false},"featured_media":0,"template":"","meta":[],"product_brand":[96],"product_cat":[59],"product_tag":[],"class_list":{"0":"post-3536","1":"product","2":"type-product","3":"status-publish","5":"product_brand-premium-plus-poland","6":"product_cat-premium-plus-poland","8":"first","9":"instock","10":"shipping-taxable","11":"purchasable","12":"product-type-simple"},"_links":{"self":[{"href":"https:\/\/goldberg.lv\/lv\/wp-json\/wp\/v2\/product\/3536","targetHints":{"allow":["GET"]}}],"collection":[{"href":"https:\/\/goldberg.lv\/lv\/wp-json\/wp\/v2\/product"}],"about":[{"href":"https:\/\/goldberg.lv\/lv\/wp-json\/wp\/v2\/types\/product"}],"wp:attachment":[{"href":"https:\/\/goldberg.lv\/lv\/wp-json\/wp\/v2\/media?parent=3536"}],"wp:term":[{"taxonomy":"product_brand","embeddable":true,"href":"https:\/\/goldberg.lv\/lv\/wp-json\/wp\/v2\/product_brand?post=3536"},{"taxonomy":"product_cat","embeddable":true,"href":"https:\/\/goldberg.lv\/lv\/wp-json\/wp\/v2\/product_cat?post=3536"},{"taxonomy":"product_tag","embeddable":true,"href":"https:\/\/goldberg.lv\/lv\/wp-json\/wp\/v2\/product_tag?post=3536"}],"curies":[{"name":"wp","href":"https:\/\/api.w.org\/{rel}","templated":true}]}}