{"id":3529,"date":"2025-11-03T15:12:52","date_gmt":"2025-11-03T12:12:52","guid":{"rendered":"https:\/\/goldberg.lv\/shop\/e9802-a08-3-apex-locator-lip-hook\/"},"modified":"2026-04-15T16:22:09","modified_gmt":"2026-04-15T13:22:09","slug":"e9802-a08-3-apex-locator-lip-hook","status":"publish","type":"product","link":"https:\/\/goldberg.lv\/lv\/shop\/e9802-a08-3-apex-locator-lip-hook\/","title":{"rendered":"E9802 \/ A08-3 Apex Locator Lip Hook"},"content":{"rendered":"<p>E9802\/ A08-3 Apex lokatora l\u016bpu \u0101\u0137is<\/p>","protected":false},"excerpt":{"rendered":"<p>E9802\/ A08-3 Apex lokatora l\u016bpu \u0101\u0137is<\/p>","protected":false},"featured_media":5047,"template":"","meta":[],"product_brand":[96],"product_cat":[59],"product_tag":[],"class_list":{"0":"post-3529","1":"product","2":"type-product","3":"status-publish","4":"has-post-thumbnail","6":"product_brand-premium-plus-poland","7":"product_cat-premium-plus-poland","9":"first","10":"instock","11":"shipping-taxable","12":"purchasable","13":"product-type-simple"},"_links":{"self":[{"href":"https:\/\/goldberg.lv\/lv\/wp-json\/wp\/v2\/product\/3529","targetHints":{"allow":["GET"]}}],"collection":[{"href":"https:\/\/goldberg.lv\/lv\/wp-json\/wp\/v2\/product"}],"about":[{"href":"https:\/\/goldberg.lv\/lv\/wp-json\/wp\/v2\/types\/product"}],"wp:featuredmedia":[{"embeddable":true,"href":"https:\/\/goldberg.lv\/lv\/wp-json\/wp\/v2\/media\/5047"}],"wp:attachment":[{"href":"https:\/\/goldberg.lv\/lv\/wp-json\/wp\/v2\/media?parent=3529"}],"wp:term":[{"taxonomy":"product_brand","embeddable":true,"href":"https:\/\/goldberg.lv\/lv\/wp-json\/wp\/v2\/product_brand?post=3529"},{"taxonomy":"product_cat","embeddable":true,"href":"https:\/\/goldberg.lv\/lv\/wp-json\/wp\/v2\/product_cat?post=3529"},{"taxonomy":"product_tag","embeddable":true,"href":"https:\/\/goldberg.lv\/lv\/wp-json\/wp\/v2\/product_tag?post=3529"}],"curies":[{"name":"wp","href":"https:\/\/api.w.org\/{rel}","templated":true}]}}