{"id":3527,"date":"2025-11-03T15:12:50","date_gmt":"2025-11-03T12:12:50","guid":{"rendered":"https:\/\/goldberg.lv\/shop\/e98-apex-locator\/"},"modified":"2026-04-15T17:50:41","modified_gmt":"2026-04-15T14:50:41","slug":"e98-apex-locator","status":"publish","type":"product","link":"https:\/\/goldberg.lv\/lv\/shop\/e98-apex-locator\/","title":{"rendered":"E98 Apex lokators"},"content":{"rendered":"<h3>E98 Apex lokators<\/h3>\n<ul>\n<li>\u0100tri m\u0113r\u012bjumi un prec\u012bza pozicion\u0113\u0161ana<\/li>\n<li>Uzlabota daudzfrekven\u010du tehnolo\u0123ija<\/li>\n<li>Regul\u0113jams atskaites punkts precizit\u0101tes nodro\u0161in\u0101\u0161anai saknes gal\u0101<\/li>\n<li>Augsta precizit\u0101te mitros un sausos kan\u0101los<\/li>\n<li>Liels 3,5\u2033 LCD displejs<\/li>\n<li>Autom\u0101tisk\u0101 kalibr\u0113\u0161ana<\/li>\n<li>Regul\u0113jams ska\u013cums<\/li>\n<li>Failu skava ar lielu loku, lai atvieglotu failu uzst\u0101d\u012b\u0161anu<\/li>\n<li>Kompakts dizains<\/li>\n<li>12 m\u0113ne\u0161u garantija<\/li>\n<li>Integr\u0113t e98 Apex Locator ar e88 Endomotor (Connect funkcija)\n<ul>\n<li>Savienojuma funkcija ar e88 Endomotor, var atspogu\u013cot e98 Apex lokatora ekr\u0101nu.<\/li>\n<li>Autom\u0101tiska palai\u0161ana un apst\u0101\u0161an\u0101s<\/li>\n<li>Apik\u0101lais reverss<\/li>\n<li>Apik\u0101l\u0101 pal\u0113nin\u0101\u0161an\u0101s<\/li>\n<\/ul>\n<\/li>\n<\/ul>","protected":false},"excerpt":{"rendered":"<p>E98 Apex Locator Fast measurement and precise positioning Advanced multi-frequency technology Adjustable reference point for precision at the root tip<\/p>","protected":false},"featured_media":5032,"template":"","meta":[],"product_brand":[96],"product_cat":[59],"product_tag":[],"class_list":{"0":"post-3527","1":"product","2":"type-product","3":"status-publish","4":"has-post-thumbnail","6":"product_brand-premium-plus-poland","7":"product_cat-premium-plus-poland","9":"first","10":"instock","11":"shipping-taxable","12":"purchasable","13":"product-type-simple"},"_links":{"self":[{"href":"https:\/\/goldberg.lv\/lv\/wp-json\/wp\/v2\/product\/3527","targetHints":{"allow":["GET"]}}],"collection":[{"href":"https:\/\/goldberg.lv\/lv\/wp-json\/wp\/v2\/product"}],"about":[{"href":"https:\/\/goldberg.lv\/lv\/wp-json\/wp\/v2\/types\/product"}],"wp:featuredmedia":[{"embeddable":true,"href":"https:\/\/goldberg.lv\/lv\/wp-json\/wp\/v2\/media\/5032"}],"wp:attachment":[{"href":"https:\/\/goldberg.lv\/lv\/wp-json\/wp\/v2\/media?parent=3527"}],"wp:term":[{"taxonomy":"product_brand","embeddable":true,"href":"https:\/\/goldberg.lv\/lv\/wp-json\/wp\/v2\/product_brand?post=3527"},{"taxonomy":"product_cat","embeddable":true,"href":"https:\/\/goldberg.lv\/lv\/wp-json\/wp\/v2\/product_cat?post=3527"},{"taxonomy":"product_tag","embeddable":true,"href":"https:\/\/goldberg.lv\/lv\/wp-json\/wp\/v2\/product_tag?post=3527"}],"curies":[{"name":"wp","href":"https:\/\/api.w.org\/{rel}","templated":true}]}}