{"id":3526,"date":"2025-11-03T15:12:48","date_gmt":"2025-11-03T12:12:48","guid":{"rendered":"https:\/\/goldberg.lv\/shop\/e8898-power-adaptor-for-e88-e98\/"},"modified":"2026-04-15T16:22:01","modified_gmt":"2026-04-15T13:22:01","slug":"e8898-power-adaptor-for-e88-e98","status":"publish","type":"product","link":"https:\/\/goldberg.lv\/lv\/shop\/e8898-power-adaptor-for-e88-e98\/","title":{"rendered":"E8898 Power Adaptor for E88\/ E98"},"content":{"rendered":"<h3>E8898 Apvienot\u0101s Karalistes str\u0101vas adapteris E88\/ E98<\/h3>\n<p>L\u016bdzu, \u0146emiet v\u0113r\u0101: \u0161\u012b ir \u012bpa\u0161a pas\u016bt\u012bjuma prece, un t\u0101 tiks pas\u016bt\u012bta tie\u0161i no ra\u017eot\u0101ja, un parasti tiek pieg\u0101d\u0101ta 8-10 ned\u0113\u013cu laik\u0101.<\/p>\n<ul>\n<li>Rezerves baro\u0161anas adapteris <a href=\"https:\/\/premiumplusuk.com\/product\/e88-cordless-endomotor\/\">E88 Endomotors<\/a> un <a href=\"https:\/\/premiumplusuk.com\/product\/e98-apex-locator\/\">E98 Apex lokators<\/a><\/li>\n<li>Preces kods: PPAAE8898<\/li>\n<\/ul>","protected":false},"excerpt":{"rendered":"<p>E8898 UK Power Adaptor for E88\/ E98 Please note: This is a special order item and it will be ordered<\/p>","protected":false},"featured_media":5033,"template":"","meta":[],"product_brand":[96],"product_cat":[59],"product_tag":[],"class_list":{"0":"post-3526","1":"product","2":"type-product","3":"status-publish","4":"has-post-thumbnail","6":"product_brand-premium-plus-poland","7":"product_cat-premium-plus-poland","9":"first","10":"instock","11":"shipping-taxable","12":"purchasable","13":"product-type-simple"},"_links":{"self":[{"href":"https:\/\/goldberg.lv\/lv\/wp-json\/wp\/v2\/product\/3526","targetHints":{"allow":["GET"]}}],"collection":[{"href":"https:\/\/goldberg.lv\/lv\/wp-json\/wp\/v2\/product"}],"about":[{"href":"https:\/\/goldberg.lv\/lv\/wp-json\/wp\/v2\/types\/product"}],"wp:featuredmedia":[{"embeddable":true,"href":"https:\/\/goldberg.lv\/lv\/wp-json\/wp\/v2\/media\/5033"}],"wp:attachment":[{"href":"https:\/\/goldberg.lv\/lv\/wp-json\/wp\/v2\/media?parent=3526"}],"wp:term":[{"taxonomy":"product_brand","embeddable":true,"href":"https:\/\/goldberg.lv\/lv\/wp-json\/wp\/v2\/product_brand?post=3526"},{"taxonomy":"product_cat","embeddable":true,"href":"https:\/\/goldberg.lv\/lv\/wp-json\/wp\/v2\/product_cat?post=3526"},{"taxonomy":"product_tag","embeddable":true,"href":"https:\/\/goldberg.lv\/lv\/wp-json\/wp\/v2\/product_tag?post=3526"}],"curies":[{"name":"wp","href":"https:\/\/api.w.org\/{rel}","templated":true}]}}