{"id":3522,"date":"2025-11-03T15:12:43","date_gmt":"2025-11-03T12:12:43","guid":{"rendered":"https:\/\/goldberg.lv\/shop\/e8802-endomotor-insulating-sleeve\/"},"modified":"2026-04-15T16:21:59","modified_gmt":"2026-04-15T13:21:59","slug":"e8802-endomotor-insulating-sleeve","status":"publish","type":"product","link":"https:\/\/goldberg.lv\/lv\/shop\/e8802-endomotor-insulating-sleeve\/","title":{"rendered":"E8802 Endomotor Insulating Sleeve"},"content":{"rendered":"<h3>E8802 Endomotor Insulating Sleeve<\/h3>\n<p>L\u016bdzu, \u0146emiet v\u0113r\u0101: \u0161\u012b ir \u012bpa\u0161a pas\u016bt\u012bjuma prece, un t\u0101 tiks pas\u016bt\u012bta tie\u0161i no ra\u017eot\u0101ja, un parasti tiek pieg\u0101d\u0101ta 8-10 ned\u0113\u013cu laik\u0101.<\/p>\n<ul>\n<li>Rezerves izol\u0101cijas uzmava <a href=\"https:\/\/premiumplusuk.com\/product\/e88-cordless-endomotor\/\">E88 Endomotors<\/a><\/li>\n<li>Preces kods: PPAAE8802<\/li>\n<\/ul>","protected":false},"excerpt":{"rendered":"<p>E8802 Endomotor Insulating Sleeve Please note: This is a special order item and it will be ordered directly from the<\/p>","protected":false},"featured_media":5044,"template":"","meta":[],"product_brand":[96],"product_cat":[59],"product_tag":[],"class_list":{"0":"post-3522","1":"product","2":"type-product","3":"status-publish","4":"has-post-thumbnail","6":"product_brand-premium-plus-poland","7":"product_cat-premium-plus-poland","9":"first","10":"instock","11":"shipping-taxable","12":"purchasable","13":"product-type-simple"},"_links":{"self":[{"href":"https:\/\/goldberg.lv\/lv\/wp-json\/wp\/v2\/product\/3522","targetHints":{"allow":["GET"]}}],"collection":[{"href":"https:\/\/goldberg.lv\/lv\/wp-json\/wp\/v2\/product"}],"about":[{"href":"https:\/\/goldberg.lv\/lv\/wp-json\/wp\/v2\/types\/product"}],"wp:featuredmedia":[{"embeddable":true,"href":"https:\/\/goldberg.lv\/lv\/wp-json\/wp\/v2\/media\/5044"}],"wp:attachment":[{"href":"https:\/\/goldberg.lv\/lv\/wp-json\/wp\/v2\/media?parent=3522"}],"wp:term":[{"taxonomy":"product_brand","embeddable":true,"href":"https:\/\/goldberg.lv\/lv\/wp-json\/wp\/v2\/product_brand?post=3522"},{"taxonomy":"product_cat","embeddable":true,"href":"https:\/\/goldberg.lv\/lv\/wp-json\/wp\/v2\/product_cat?post=3522"},{"taxonomy":"product_tag","embeddable":true,"href":"https:\/\/goldberg.lv\/lv\/wp-json\/wp\/v2\/product_tag?post=3522"}],"curies":[{"name":"wp","href":"https:\/\/api.w.org\/{rel}","templated":true}]}}