{"id":3515,"date":"2025-11-03T15:12:35","date_gmt":"2025-11-03T12:12:35","guid":{"rendered":"https:\/\/goldberg.lv\/shop\/intraoral-mirror-occlusal-child\/"},"modified":"2026-04-15T16:21:54","modified_gmt":"2026-04-15T13:21:54","slug":"intraoral-mirror-occlusal-child","status":"publish","type":"product","link":"https:\/\/goldberg.lv\/lv\/shop\/intraoral-mirror-occlusal-child\/","title":{"rendered":"Intraoral Mirror Occlusal Child"},"content":{"rendered":"<h3>PM003 Intraor\u0101lais spogulis Occlusal Child<\/h3>\n<ul>\n<li>Priek\u0161\u0113j\u0101s virsmas spogu\u013ci nov\u0113r\u0161 spoku efektu un nodro\u0161ina skaidru, neizkrop\u013cotu skatu.<\/li>\n<li>Stikls ar tit\u0101na p\u0101rkl\u0101jumu:\n<ul>\n<li>Iztur\u012bba pret skr\u0101p\u0113jumiem un koroziju<\/li>\n<li>Nodro\u0161ina \u012bpa\u0161i skaidrus, patiesi re\u0101lus atsp\u012bdumus prec\u012bzai fotogr\u0101fijai.<\/li>\n<\/ul>\n<\/li>\n<li>Divpus\u0113js:\n<ul>\n<li>Nav nepiecie\u0161ams p\u0101rsl\u0113gt spogu\u013cus<\/li>\n<li>Efekt\u012bva da\u017e\u0101du le\u0146\u0137u \u0101tra uz\u0146em\u0161ana<\/li>\n<\/ul>\n<\/li>\n<li>Gludas, noapa\u013cotas malas nov\u0113r\u0161 m\u012bksto audu kairin\u0101jumu, lai nodro\u0161in\u0101tu pacienta komfortu!<\/li>\n<li>Autokl\u0101v\u0113jams l\u012bdz 134\u00b0C<\/li>\n<li>1 gabals iepakojum\u0101<\/li>\n<li>Preces kods: ONEPM003<\/li>\n<\/ul>","protected":false},"excerpt":{"rendered":"<p>PM003 Intraoral Mirror Occlusal Child Front surface mirrors prevent ghosting effect and provides a clear, undistorted view Titanium-coated glass: Resistant<\/p>","protected":false},"featured_media":5038,"template":"","meta":[],"product_brand":[96],"product_cat":[59],"product_tag":[],"class_list":{"0":"post-3515","1":"product","2":"type-product","3":"status-publish","4":"has-post-thumbnail","6":"product_brand-premium-plus-poland","7":"product_cat-premium-plus-poland","9":"first","10":"instock","11":"shipping-taxable","12":"purchasable","13":"product-type-simple"},"_links":{"self":[{"href":"https:\/\/goldberg.lv\/lv\/wp-json\/wp\/v2\/product\/3515","targetHints":{"allow":["GET"]}}],"collection":[{"href":"https:\/\/goldberg.lv\/lv\/wp-json\/wp\/v2\/product"}],"about":[{"href":"https:\/\/goldberg.lv\/lv\/wp-json\/wp\/v2\/types\/product"}],"wp:featuredmedia":[{"embeddable":true,"href":"https:\/\/goldberg.lv\/lv\/wp-json\/wp\/v2\/media\/5038"}],"wp:attachment":[{"href":"https:\/\/goldberg.lv\/lv\/wp-json\/wp\/v2\/media?parent=3515"}],"wp:term":[{"taxonomy":"product_brand","embeddable":true,"href":"https:\/\/goldberg.lv\/lv\/wp-json\/wp\/v2\/product_brand?post=3515"},{"taxonomy":"product_cat","embeddable":true,"href":"https:\/\/goldberg.lv\/lv\/wp-json\/wp\/v2\/product_cat?post=3515"},{"taxonomy":"product_tag","embeddable":true,"href":"https:\/\/goldberg.lv\/lv\/wp-json\/wp\/v2\/product_tag?post=3515"}],"curies":[{"name":"wp","href":"https:\/\/api.w.org\/{rel}","templated":true}]}}