{"id":3512,"date":"2025-11-03T15:12:32","date_gmt":"2025-11-03T12:12:32","guid":{"rendered":"https:\/\/goldberg.lv\/shop\/st001-soft-touch-oral-evacuators-50s-blue\/"},"modified":"2026-04-15T17:50:39","modified_gmt":"2026-04-15T14:50:39","slug":"st001-soft-touch-oral-evacuators-50s-blue","status":"publish","type":"product","link":"https:\/\/goldberg.lv\/lv\/shop\/st001-soft-touch-oral-evacuators-50s-blue\/","title":{"rendered":"ST001 Soft Touch Oral Evacuators 50s Blue"},"content":{"rendered":"<h3>Soft Touch\u2122 vienreizlietojamie mutes dobuma evakuatori (ar spraug\u0101m) bez lateksa ventil\u0101cijas<\/h3>\n<ul>\n<li>Vienreiz\u0113ja lieto\u0161ana<\/li>\n<li>Soft Touch\u2122 malas nov\u0113r\u0161 mutes dobuma audu pl\u012bsumu risku.<\/li>\n<li>Cieta caurule, kas ir pietiekami iztur\u012bga vaigu savilk\u0161anai<\/li>\n<li>Ventil\u0113ts, lai samazin\u0101tu nevajadz\u012bgu audu satver\u0161anu<\/li>\n<li>R\u016bp\u012bgi pul\u0113ta virsma gludai un klusai darb\u012bbai<\/li>\n<li>Piem\u0113rots standarta 0,43\u2033 (11 mm) s\u016bk\u0161anas tur\u0113t\u0101jiem<\/li>\n<\/ul>\n<p><strong>Pieejams: <\/strong><\/p>\n<ul>\n<li>Balta caurule ar zilu uzgalu<\/li>\n<li>Balta t\u016bbi\u0146a ar lavandas kr\u0101sas galu<\/li>\n<li>50 gab. iepakojum\u0101<\/li>\n<\/ul>","protected":false},"excerpt":{"rendered":"<p>Soft Touch&#x2122; Disposable Oral Evacuators (Slotted) Vented Latex Free Single Use Soft Touch&#x2122; edge eliminates the risk of lacerating the<\/p>","protected":false},"featured_media":5029,"template":"","meta":[],"product_brand":[96],"product_cat":[59],"product_tag":[],"class_list":{"0":"post-3512","1":"product","2":"type-product","3":"status-publish","4":"has-post-thumbnail","6":"product_brand-premium-plus-poland","7":"product_cat-premium-plus-poland","9":"first","10":"instock","11":"shipping-taxable","12":"purchasable","13":"product-type-simple"},"_links":{"self":[{"href":"https:\/\/goldberg.lv\/lv\/wp-json\/wp\/v2\/product\/3512","targetHints":{"allow":["GET"]}}],"collection":[{"href":"https:\/\/goldberg.lv\/lv\/wp-json\/wp\/v2\/product"}],"about":[{"href":"https:\/\/goldberg.lv\/lv\/wp-json\/wp\/v2\/types\/product"}],"wp:featuredmedia":[{"embeddable":true,"href":"https:\/\/goldberg.lv\/lv\/wp-json\/wp\/v2\/media\/5029"}],"wp:attachment":[{"href":"https:\/\/goldberg.lv\/lv\/wp-json\/wp\/v2\/media?parent=3512"}],"wp:term":[{"taxonomy":"product_brand","embeddable":true,"href":"https:\/\/goldberg.lv\/lv\/wp-json\/wp\/v2\/product_brand?post=3512"},{"taxonomy":"product_cat","embeddable":true,"href":"https:\/\/goldberg.lv\/lv\/wp-json\/wp\/v2\/product_cat?post=3512"},{"taxonomy":"product_tag","embeddable":true,"href":"https:\/\/goldberg.lv\/lv\/wp-json\/wp\/v2\/product_tag?post=3512"}],"curies":[{"name":"wp","href":"https:\/\/api.w.org\/{rel}","templated":true}]}}