{"id":3511,"date":"2025-11-03T15:12:30","date_gmt":"2025-11-03T12:12:30","guid":{"rendered":"https:\/\/goldberg.lv\/shop\/s033f-gutta-percha-tip-cutter\/"},"modified":"2026-04-15T17:50:38","modified_gmt":"2026-04-15T14:50:38","slug":"s033f-gutta-percha-tip-cutter","status":"publish","type":"product","link":"https:\/\/goldberg.lv\/lv\/shop\/s033f-gutta-percha-tip-cutter\/","title":{"rendered":"S033F Gutta Percha Tip Cutter"},"content":{"rendered":"<h3>S033F Gutta Percha Tip Cutter<\/h3>\n<ul>\n<li>Autokl\u0101v\u0113jams<\/li>\n<li>Ner\u016bs\u0113jo\u0161\u0101 t\u0113rauda na\u017ea galva<\/li>\n<li>Izm\u0113rs: 71 mm x 39 mm x 15 mm<\/li>\n<li>Kr\u0101sa: melna<\/li>\n<\/ul>","protected":false},"excerpt":{"rendered":"<p>S033F Gutta Percha Tip Cutter Autoclavable Stainless steel knife head Size: 71mm x 39mm x 15mm Colour: Black<\/p>","protected":false},"featured_media":5028,"template":"","meta":[],"product_brand":[96],"product_cat":[59],"product_tag":[],"class_list":{"0":"post-3511","1":"product","2":"type-product","3":"status-publish","4":"has-post-thumbnail","6":"product_brand-premium-plus-poland","7":"product_cat-premium-plus-poland","9":"first","10":"instock","11":"shipping-taxable","12":"purchasable","13":"product-type-simple"},"_links":{"self":[{"href":"https:\/\/goldberg.lv\/lv\/wp-json\/wp\/v2\/product\/3511","targetHints":{"allow":["GET"]}}],"collection":[{"href":"https:\/\/goldberg.lv\/lv\/wp-json\/wp\/v2\/product"}],"about":[{"href":"https:\/\/goldberg.lv\/lv\/wp-json\/wp\/v2\/types\/product"}],"wp:featuredmedia":[{"embeddable":true,"href":"https:\/\/goldberg.lv\/lv\/wp-json\/wp\/v2\/media\/5028"}],"wp:attachment":[{"href":"https:\/\/goldberg.lv\/lv\/wp-json\/wp\/v2\/media?parent=3511"}],"wp:term":[{"taxonomy":"product_brand","embeddable":true,"href":"https:\/\/goldberg.lv\/lv\/wp-json\/wp\/v2\/product_brand?post=3511"},{"taxonomy":"product_cat","embeddable":true,"href":"https:\/\/goldberg.lv\/lv\/wp-json\/wp\/v2\/product_cat?post=3511"},{"taxonomy":"product_tag","embeddable":true,"href":"https:\/\/goldberg.lv\/lv\/wp-json\/wp\/v2\/product_tag?post=3511"}],"curies":[{"name":"wp","href":"https:\/\/api.w.org\/{rel}","templated":true}]}}