{"id":3505,"date":"2025-11-03T15:12:22","date_gmt":"2025-11-03T12:12:22","guid":{"rendered":"https:\/\/goldberg.lv\/shop\/m222db-prophy-cups-ra-metal-soft-dark-blue\/"},"modified":"2026-04-15T17:50:36","modified_gmt":"2026-04-15T14:50:36","slug":"m222db-prophy-cups-ra-metal-soft-dark-blue","status":"publish","type":"product","link":"https:\/\/goldberg.lv\/lv\/shop\/m222db-prophy-cups-ra-metal-soft-dark-blue\/","title":{"rendered":"M222DB Prophy Cups RA Metal Soft Dark Blue"},"content":{"rendered":"<p>\u0160\u012b kr\u016bz\u012bte ir veidota ar \u010detriem t\u012bkliem un iek\u0161\u0113j\u0101m rib\u0101m, kas nodro\u0161ina optim\u0101lu profilaktisk\u0101s pastas daudzumu, lai efekt\u012bvi no\u0146emtu traipus. Tai ir ar\u012b sp\u0113ja \u201cizplesties\u201d, \u013caujot sasniegt subgingiv\u0101l\u0101s un interproksim\u0101l\u0101s zonas.<\/p>\n<ul>\n<li>Maksim\u0101li vienm\u0113r\u012bgs darbs ar unik\u0101lu p\u0101rnesumu<\/li>\n<li>Garantija, ka tas\u012bte neizvirz\u0101s<\/li>\n<li>Ieteicamais \u0101trums: 1500-3000 apgr.\/min<\/li>\n<li>Rievota un rievota kr\u016bze<\/li>\n<li>Bez lateksa<\/li>\n<li>Standarta kr\u016bze - 8,5 mm<\/li>\n<li>Met\u0101la k\u0101ts - 15 mm<\/li>\n<li>100 gab. kast\u0113<\/li>\n<\/ul>\n<p><strong>Pieejams:<\/strong><\/p>\n<ul>\n<li>Parast\u0101 - balta, gai\u0161i zila, lavandas, oran\u017ea un da\u017e\u0101du kr\u0101su.<\/li>\n<li>M\u012bksts - roz\u0101, laima, za\u013c\u0161, tum\u0161i zils un da\u017e\u0101das kr\u0101sas<\/li>\n<li>\u012apa\u0161i m\u012bksts - sarkans, dzeltens un da\u017e\u0101du kr\u0101su<\/li>\n<\/ul>","protected":false},"excerpt":{"rendered":"<p>Designed with four webs and internal ribs, this cup delivers the optimal amount of prophy paste to effectively remove stains.<\/p>","protected":false},"featured_media":5014,"template":"","meta":[],"product_brand":[96],"product_cat":[59],"product_tag":[],"class_list":{"0":"post-3505","1":"product","2":"type-product","3":"status-publish","4":"has-post-thumbnail","6":"product_brand-premium-plus-poland","7":"product_cat-premium-plus-poland","9":"first","10":"instock","11":"shipping-taxable","12":"purchasable","13":"product-type-simple"},"_links":{"self":[{"href":"https:\/\/goldberg.lv\/lv\/wp-json\/wp\/v2\/product\/3505","targetHints":{"allow":["GET"]}}],"collection":[{"href":"https:\/\/goldberg.lv\/lv\/wp-json\/wp\/v2\/product"}],"about":[{"href":"https:\/\/goldberg.lv\/lv\/wp-json\/wp\/v2\/types\/product"}],"wp:featuredmedia":[{"embeddable":true,"href":"https:\/\/goldberg.lv\/lv\/wp-json\/wp\/v2\/media\/5014"}],"wp:attachment":[{"href":"https:\/\/goldberg.lv\/lv\/wp-json\/wp\/v2\/media?parent=3505"}],"wp:term":[{"taxonomy":"product_brand","embeddable":true,"href":"https:\/\/goldberg.lv\/lv\/wp-json\/wp\/v2\/product_brand?post=3505"},{"taxonomy":"product_cat","embeddable":true,"href":"https:\/\/goldberg.lv\/lv\/wp-json\/wp\/v2\/product_cat?post=3505"},{"taxonomy":"product_tag","embeddable":true,"href":"https:\/\/goldberg.lv\/lv\/wp-json\/wp\/v2\/product_tag?post=3505"}],"curies":[{"name":"wp","href":"https:\/\/api.w.org\/{rel}","templated":true}]}}