{"id":3493,"date":"2025-11-03T15:12:07","date_gmt":"2025-11-03T12:12:07","guid":{"rendered":"https:\/\/goldberg.lv\/shop\/r-269n-prophy-brushes-ra-mini-cup-nylon-reg\/"},"modified":"2026-04-15T17:50:32","modified_gmt":"2026-04-15T14:50:32","slug":"r-269n-prophy-brushes-ra-mini-cup-nylon-reg","status":"publish","type":"product","link":"https:\/\/goldberg.lv\/lv\/shop\/r-269n-prophy-brushes-ra-mini-cup-nylon-reg\/","title":{"rendered":"R-269N Prophy Brushes RA Mini Cup Nylon  Reg"},"content":{"rendered":"<p>m\u016bsu popul\u0101r\u0101s junioru kr\u016bzes birstes maz\u0101ka versija. Visas m\u016bsu junioru kr\u016bzes priek\u0161roc\u012bbas, ta\u010du ar lab\u0101ku piek\u013cuvi mutes dobumam.<\/p>\n<p>Skr\u016bv\u0113jamais k\u0101ts nodro\u0161ina visstabil\u0101ko lieto\u0161anu bez vibr\u0101cijas.<\/p>\n<ul>\n<li>Ieteicamais \u0101trums: 1500-3000 apgr.\/min<\/li>\n<li>Mini kr\u016bzes birste<\/li>\n<li>Bez lateksa<\/li>\n<li>100 gab. kast\u0113<\/li>\n<\/ul>\n<p><strong>Pieejams:<\/strong><\/p>\n<ul>\n<li>Parastas - Balta un da\u017e\u0101du kr\u0101su - Neilona birstes diametrs 0,20 mm<\/li>\n<li>M\u012bksts - caursp\u012bd\u012bgs un da\u017e\u0101du kr\u0101su - neilona birstes diametrs 0,15 mm<\/li>\n<li>\u012apa\u0161i m\u012bksta - Dzeltena un da\u017e\u0101du kr\u0101su - Neilona birstes diametrs 0,10 mm<\/li>\n<\/ul>","protected":false},"excerpt":{"rendered":"<p>smaller version of our popular junior cup brush. All the advantages of our junior cup, but with greater access in<\/p>","protected":false},"featured_media":5008,"template":"","meta":[],"product_brand":[96],"product_cat":[59],"product_tag":[],"class_list":{"0":"post-3493","1":"product","2":"type-product","3":"status-publish","4":"has-post-thumbnail","6":"product_brand-premium-plus-poland","7":"product_cat-premium-plus-poland","9":"first","10":"instock","11":"shipping-taxable","12":"purchasable","13":"product-type-simple"},"_links":{"self":[{"href":"https:\/\/goldberg.lv\/lv\/wp-json\/wp\/v2\/product\/3493","targetHints":{"allow":["GET"]}}],"collection":[{"href":"https:\/\/goldberg.lv\/lv\/wp-json\/wp\/v2\/product"}],"about":[{"href":"https:\/\/goldberg.lv\/lv\/wp-json\/wp\/v2\/types\/product"}],"wp:featuredmedia":[{"embeddable":true,"href":"https:\/\/goldberg.lv\/lv\/wp-json\/wp\/v2\/media\/5008"}],"wp:attachment":[{"href":"https:\/\/goldberg.lv\/lv\/wp-json\/wp\/v2\/media?parent=3493"}],"wp:term":[{"taxonomy":"product_brand","embeddable":true,"href":"https:\/\/goldberg.lv\/lv\/wp-json\/wp\/v2\/product_brand?post=3493"},{"taxonomy":"product_cat","embeddable":true,"href":"https:\/\/goldberg.lv\/lv\/wp-json\/wp\/v2\/product_cat?post=3493"},{"taxonomy":"product_tag","embeddable":true,"href":"https:\/\/goldberg.lv\/lv\/wp-json\/wp\/v2\/product_tag?post=3493"}],"curies":[{"name":"wp","href":"https:\/\/api.w.org\/{rel}","templated":true}]}}