{"id":3491,"date":"2025-11-03T15:12:04","date_gmt":"2025-11-03T12:12:04","guid":{"rendered":"https:\/\/goldberg.lv\/shop\/r-262t-prophy-brushes-ra-tapered-nylon-100s-reg\/"},"modified":"2026-04-15T16:21:42","modified_gmt":"2026-04-15T13:21:42","slug":"r-262t-prophy-brushes-ra-tapered-nylon-100s-reg","status":"publish","type":"product","link":"https:\/\/goldberg.lv\/lv\/shop\/r-262t-prophy-brushes-ra-tapered-nylon-100s-reg\/","title":{"rendered":"R-262T Prophy Brushes RA Tapered Nylon 100s Reg"},"content":{"rendered":"<p>M\u016bsu konusveida birste nodro\u0161ina liel\u0101ku precizit\u0101ti un kontroli, t\u0101p\u0113c t\u0101 ir ide\u0101li piem\u0113rota, lai sasniegtu jut\u012bgas implantu un ortodontisko ier\u012b\u010du vietas.<\/p>\n<ul>\n<li>Ieteicamais \u0101trums: 1500-3000 apgr.\/min<\/li>\n<li>Konusveida birste<\/li>\n<li>Bez lateksa<\/li>\n<li>Met\u0101la k\u0101ts - 15 mm<\/li>\n<li>100 gab. kast\u0113<\/li>\n<\/ul>\n<p><strong>Pieejams:<\/strong><\/p>\n<ul>\n<li>Parastas - Balta un da\u017e\u0101du kr\u0101su - Neilona birstes diametrs 0,20 mm<\/li>\n<li>M\u012bksts - caursp\u012bd\u012bgs un da\u017e\u0101du kr\u0101su - neilona birstes diametrs 0,15 mm<\/li>\n<li>\u012apa\u0161i m\u012bksta - Dzeltena un da\u017e\u0101du kr\u0101su - Neilona birstes diametrs 0,10 mm<\/li>\n<\/ul>","protected":false},"excerpt":{"rendered":"<p>M\u016bsu konusveida birste nodro\u0161ina liel\u0101ku precizit\u0101ti un kontroli, t\u0101p\u0113c t\u0101 ir ide\u0101li piem\u0113rota, lai sasniegtu jut\u012bgas implantu un ortodontisko ier\u012b\u010du vietas.<\/p>","protected":false},"featured_media":5005,"template":"","meta":[],"product_brand":[96],"product_cat":[59],"product_tag":[],"class_list":{"0":"post-3491","1":"product","2":"type-product","3":"status-publish","4":"has-post-thumbnail","6":"product_brand-premium-plus-poland","7":"product_cat-premium-plus-poland","9":"first","10":"instock","11":"shipping-taxable","12":"purchasable","13":"product-type-simple"},"_links":{"self":[{"href":"https:\/\/goldberg.lv\/lv\/wp-json\/wp\/v2\/product\/3491","targetHints":{"allow":["GET"]}}],"collection":[{"href":"https:\/\/goldberg.lv\/lv\/wp-json\/wp\/v2\/product"}],"about":[{"href":"https:\/\/goldberg.lv\/lv\/wp-json\/wp\/v2\/types\/product"}],"wp:featuredmedia":[{"embeddable":true,"href":"https:\/\/goldberg.lv\/lv\/wp-json\/wp\/v2\/media\/5005"}],"wp:attachment":[{"href":"https:\/\/goldberg.lv\/lv\/wp-json\/wp\/v2\/media?parent=3491"}],"wp:term":[{"taxonomy":"product_brand","embeddable":true,"href":"https:\/\/goldberg.lv\/lv\/wp-json\/wp\/v2\/product_brand?post=3491"},{"taxonomy":"product_cat","embeddable":true,"href":"https:\/\/goldberg.lv\/lv\/wp-json\/wp\/v2\/product_cat?post=3491"},{"taxonomy":"product_tag","embeddable":true,"href":"https:\/\/goldberg.lv\/lv\/wp-json\/wp\/v2\/product_tag?post=3491"}],"curies":[{"name":"wp","href":"https:\/\/api.w.org\/{rel}","templated":true}]}}